{"id":251,"date":"2025-06-28T10:28:10","date_gmt":"2025-06-28T10:28:10","guid":{"rendered":"https:\/\/bbinteriors.ch\/?page_id=251"},"modified":"2026-01-29T13:36:42","modified_gmt":"2026-01-29T13:36:42","slug":"about","status":"publish","type":"page","link":"https:\/\/bbinteriors.ch\/fr\/about\/","title":{"rendered":"About"},"content":{"rendered":"<h1 class=\"wp-block-heading has-text-align-center has-lora-font-family has-custom-font\" style=\"font-family:Lora\">Introduction to BBInteriors<\/h1>\n\n\n\n<div class=\"wp-block-media-text alignwide is-stacked-on-mobile has-medium-font-size\" style=\"grid-template-columns:37% auto\"><figure class=\"wp-block-media-text__media\"><img loading=\"lazy\" decoding=\"async\" width=\"778\" height=\"829\" src=\"https:\/\/bbinteriors.ch\/wp-content\/uploads\/2025\/09\/b899a612-4641-4003-b329-f9b51d8492e9-fotor-20250916151632.jpg\" alt=\"\" class=\"wp-image-974 size-full\" srcset=\"https:\/\/bbinteriors.ch\/wp-content\/uploads\/2025\/09\/b899a612-4641-4003-b329-f9b51d8492e9-fotor-20250916151632.jpg 778w, https:\/\/bbinteriors.ch\/wp-content\/uploads\/2025\/09\/b899a612-4641-4003-b329-f9b51d8492e9-fotor-20250916151632-282x300.jpg 282w, https:\/\/bbinteriors.ch\/wp-content\/uploads\/2025\/09\/b899a612-4641-4003-b329-f9b51d8492e9-fotor-20250916151632-768x818.jpg 768w, https:\/\/bbinteriors.ch\/wp-content\/uploads\/2025\/09\/b899a612-4641-4003-b329-f9b51d8492e9-fotor-20250916151632-11x12.jpg 11w\" sizes=\"auto, (max-width: 778px) 100vw, 778px\" \/><\/figure><div class=\"wp-block-media-text__content\">\n<p><\/p>\n\n\n\n<p><\/p>\n\n\n\n<p class=\"has-lora-font-family has-large-font-size has-custom-font\" style=\"font-family:Lora\">Je suis Becky, d\u00e9coratrice d\u2019int\u00e9rieur bas\u00e9e \u00e0 Blonay, dans le canton de Vaud. Depuis l\u2019obtention de mon dipl\u00f4me \u00e0 KLC School of Design de Londres, il y a plus de 15 ans, je me consacre \u00e0 des projets r\u00e9sidentiels haut de gamme en Suisse et au Royaume-Uni.\n\nJe suis sp\u00e9cialis\u00e9e dans la cr\u00e9ation d\u2019espaces chaleureux et originaux, m\u00ealant harmonieusement l\u2019ancien et le contemporain, avec un style intemporel riche en superpositions. Chaque projet est con\u00e7u sur mesure pour refl\u00e9ter la personnalit\u00e9 de mes clients et l\u2019\u00e2me de leur habitation.\nJe collabore \u00e9troitement avec un r\u00e9seau de partenaires de confiance \u2014 artisans et professionnels qualifi\u00e9s \u2014 pour livrer des int\u00e9rieurs \u00e0 la fois esth\u00e9tiques et fonctionnels.<\/p>\n\n\n\n<p class=\"has-large-font-size\"><\/p>\n\n\n\n<p class=\"has-lora-font-family has-large-font-size has-custom-font\" style=\"font-family:Lora\">Chaque d\u00e9corateur a sa propre approche. Il est donc essentiel de comprendre les diff\u00e9rentes \u00e9tapes du processus.<\/p>\n\n\n\n<p class=\"has-lora-font-family has-large-font-size has-custom-font\" style=\"font-family:Lora\">Voici un aper\u00e7u clair de la mani\u00e8re dont je travaille :  <\/p>\n\n\n\n<p class=\"has-large-font-size\"><\/p>\n\n\n\n<p><\/p>\n<\/div><\/div>\n\n\n\n<p class=\"has-medium-font-size\"><\/p>\n\n\n\n<h2 class=\"wp-block-heading alignwide has-text-align-center has-lora-font-family has-custom-font\" style=\"font-family:Lora\">Le processus de design d'int\u00e9rieur<\/h2>\n\n\n\n<div class=\"wp-block-media-text alignwide has-media-on-the-right is-stacked-on-mobile\"><div class=\"wp-block-media-text__content\">\n<h3 class=\"wp-block-heading has-lora-font-family has-custom-font\" style=\"font-family:Lora\">Le Brief<\/h3>\n\n\n\n<p class=\"has-lora-font-family has-large-font-size has-custom-font\" style=\"font-family:Lora\">Nous commencerons par discuter de votre vision : ce que vous aimez, ce que vous n'aimez pas, ainsi que vos couleurs et styles pr\u00e9f\u00e9r\u00e9s. Une fois que nous serons d'accord, je vous pr\u00e9parerai une proposition d'honoraires sur mesure. Que vous ayez besoin de services de design d'int\u00e9rieur complets ou simplement de conseils en mati\u00e8re d'am\u00e9nagement de l'espace ou de choix de couleurs, je peux cr\u00e9er un forfait flexible et adapt\u00e9, juste pour vous.<\/p>\n\n\n\n<p class=\"has-large-font-size\"><\/p>\n<\/div><figure class=\"wp-block-media-text__media\"><img loading=\"lazy\" decoding=\"async\" width=\"1024\" height=\"683\" src=\"https:\/\/bbinteriors.ch\/wp-content\/uploads\/2025\/07\/ChatGPT-Image-Jul-16-2025-01_19_05-PM-1024x683.png\" alt=\"\" class=\"wp-image-799 size-full\" srcset=\"https:\/\/bbinteriors.ch\/wp-content\/uploads\/2025\/07\/ChatGPT-Image-Jul-16-2025-01_19_05-PM-1024x683.png 1024w, https:\/\/bbinteriors.ch\/wp-content\/uploads\/2025\/07\/ChatGPT-Image-Jul-16-2025-01_19_05-PM-300x200.png 300w, https:\/\/bbinteriors.ch\/wp-content\/uploads\/2025\/07\/ChatGPT-Image-Jul-16-2025-01_19_05-PM-768x512.png 768w, https:\/\/bbinteriors.ch\/wp-content\/uploads\/2025\/07\/ChatGPT-Image-Jul-16-2025-01_19_05-PM.png 1536w\" sizes=\"auto, (max-width: 1024px) 100vw, 1024px\" \/><\/figure><\/div>\n\n\n\n<div class=\"wp-block-media-text alignwide is-stacked-on-mobile\"><figure class=\"wp-block-media-text__media\"><img loading=\"lazy\" decoding=\"async\" width=\"1024\" height=\"750\" src=\"https:\/\/bbinteriors.ch\/wp-content\/uploads\/2025\/10\/concept-1024x750.jpg\" alt=\"\" class=\"wp-image-1012 size-full\" srcset=\"https:\/\/bbinteriors.ch\/wp-content\/uploads\/2025\/10\/concept-1024x750.jpg 1024w, https:\/\/bbinteriors.ch\/wp-content\/uploads\/2025\/10\/concept-300x220.jpg 300w, https:\/\/bbinteriors.ch\/wp-content\/uploads\/2025\/10\/concept-768x562.jpg 768w, https:\/\/bbinteriors.ch\/wp-content\/uploads\/2025\/10\/concept-1536x1125.jpg 1536w, https:\/\/bbinteriors.ch\/wp-content\/uploads\/2025\/10\/concept-16x12.jpg 16w, https:\/\/bbinteriors.ch\/wp-content\/uploads\/2025\/10\/concept.jpg 1901w\" sizes=\"auto, (max-width: 1024px) 100vw, 1024px\" \/><\/figure><div class=\"wp-block-media-text__content\">\n<h3 class=\"wp-block-heading has-lora-font-family has-custom-font\" style=\"font-family:Lora\">Le Concept de Design<\/h3>\n\n\n\n<p class=\"has-lora-font-family has-large-font-size has-custom-font\" style=\"font-family:Lora\">Je prends les mesures de l\u2019espace, puis je commence \u00e0 d\u00e9velopper un concept autour d\u2019une id\u00e9e directrice. Celle-ci peut \u00eatre inspir\u00e9e par votre maison, son environnement ou votre mode de vie.\nJe cr\u00e9e ensuite un moodboard pour donner vie \u00e0 cette vision.<\/p>\n\n\n\n<p class=\"has-large-font-size\"><\/p>\n<\/div><\/div>\n\n\n\n<div class=\"wp-block-media-text alignwide has-media-on-the-right is-stacked-on-mobile\"><div class=\"wp-block-media-text__content\">\n<h3 class=\"wp-block-heading has-lora-font-family has-custom-font\" style=\"font-family:Lora\">Le Moodboard<\/h3>\n\n\n\n<p class=\"has-lora-font-family has-large-font-size has-custom-font\" style=\"font-family:Lora\">Le moodboard comprend un plan 2D de l\u2019am\u00e9nagement, ainsi que des \u00e9chantillons de mat\u00e9riaux. Cela vous permet de visualiser le style, la palette de couleurs, les textures et l\u2019organisation de l\u2019espace.<\/p>\n\n\n\n<p><\/p>\n\n\n\n<p class=\"has-large-font-size\"><\/p>\n\n\n\n<p class=\"has-large-font-size\"><\/p>\n<\/div><figure class=\"wp-block-media-text__media\"><img loading=\"lazy\" decoding=\"async\" width=\"964\" height=\"707\" src=\"https:\/\/bbinteriors.ch\/wp-content\/uploads\/2025\/07\/games-room-mood-board.jpg\" alt=\"\" class=\"wp-image-803 size-full\" srcset=\"https:\/\/bbinteriors.ch\/wp-content\/uploads\/2025\/07\/games-room-mood-board.jpg 964w, https:\/\/bbinteriors.ch\/wp-content\/uploads\/2025\/07\/games-room-mood-board-300x220.jpg 300w, https:\/\/bbinteriors.ch\/wp-content\/uploads\/2025\/07\/games-room-mood-board-768x563.jpg 768w\" sizes=\"auto, (max-width: 964px) 100vw, 964px\" \/><\/figure><\/div>\n\n\n\n<div class=\"wp-block-media-text alignwide is-stacked-on-mobile\"><figure class=\"wp-block-media-text__media\"><img loading=\"lazy\" decoding=\"async\" width=\"882\" height=\"607\" src=\"https:\/\/bbinteriors.ch\/wp-content\/uploads\/2025\/07\/games-room-tech.jpg\" alt=\"\" class=\"wp-image-802 size-full\" srcset=\"https:\/\/bbinteriors.ch\/wp-content\/uploads\/2025\/07\/games-room-tech.jpg 882w, https:\/\/bbinteriors.ch\/wp-content\/uploads\/2025\/07\/games-room-tech-300x206.jpg 300w, https:\/\/bbinteriors.ch\/wp-content\/uploads\/2025\/07\/games-room-tech-768x529.jpg 768w\" sizes=\"auto, (max-width: 882px) 100vw, 882px\" \/><\/figure><div class=\"wp-block-media-text__content\">\n<h3 class=\"wp-block-heading has-lora-font-family has-custom-font\" style=\"font-family:Lora\">D\u00e9veloppement du Design<\/h3>\n\n\n\n<p class=\"has-lora-font-family has-large-font-size has-custom-font\" style=\"font-family:Lora\">Cette phase consiste \u00e0 raffiner le projet en int\u00e9grant des plans techniques pour l\u2019agencement, l\u2019\u00e9clairage, les menuiseries sur mesure ou les habillages de fen\u00eatres.<\/p>\n\n\n\n<p><\/p>\n\n\n\n<p class=\"has-large-font-size\"><\/p>\n\n\n\n<p class=\"has-large-font-size\"><\/p>\n<\/div><\/div>\n\n\n\n<div class=\"wp-block-media-text alignwide has-media-on-the-right is-stacked-on-mobile\"><div class=\"wp-block-media-text__content\">\n<h3 class=\"wp-block-heading has-lora-font-family has-custom-font\" style=\"font-family:Lora\">FF&amp;E (Furniture, Fixtures &amp; Equipment) <\/h3>\n\n\n\n<p class=\"has-lora-font-family has-large-font-size has-custom-font\" style=\"font-family:Lora\">Je vous fournis une liste compl\u00e8te des meubles, luminaires, tissus et accessoires, que vous pouvez acheter vous-m\u00eame ou me confier la gestion int\u00e9grale : commandes, livraisons et installation.<\/p>\n\n\n\n<p><\/p>\n\n\n\n<p><\/p>\n\n\n\n<p class=\"has-large-font-size\"><\/p>\n\n\n\n<p class=\"has-large-font-size\"><\/p>\n<\/div><figure class=\"wp-block-media-text__media\"><img loading=\"lazy\" decoding=\"async\" width=\"1024\" height=\"539\" src=\"https:\/\/bbinteriors.ch\/wp-content\/uploads\/2025\/07\/FFE-pic-1024x539.jpg\" alt=\"\" class=\"wp-image-804 size-full\" srcset=\"https:\/\/bbinteriors.ch\/wp-content\/uploads\/2025\/07\/FFE-pic-1024x539.jpg 1024w, https:\/\/bbinteriors.ch\/wp-content\/uploads\/2025\/07\/FFE-pic-300x158.jpg 300w, https:\/\/bbinteriors.ch\/wp-content\/uploads\/2025\/07\/FFE-pic-768x404.jpg 768w, https:\/\/bbinteriors.ch\/wp-content\/uploads\/2025\/07\/FFE-pic.jpg 1256w\" sizes=\"auto, (max-width: 1024px) 100vw, 1024px\" \/><\/figure><\/div>\n\n\n\n<p class=\"has-lora-font-family has-custom-font\" style=\"font-family:Lora\"><\/p>\n\n\n\n<h2 class=\"wp-block-heading has-text-align-center has-lora-font-family has-custom-font\" style=\"font-family:Lora\">Portfolio<\/h2>\n\n\n\n<p><\/p>\n\n\n\n<p class=\"has-text-align-center has-lora-font-family has-large-font-size has-custom-font\" style=\"font-family:Lora\">Riviera Suisse<\/p>\n\n\n\n<p class=\"has-text-align-center has-lora-font-family has-large-font-size has-custom-font\" style=\"font-family:Lora\">Zurich<\/p>\n\n\n\n<p class=\"has-text-align-center has-lora-font-family has-large-font-size has-custom-font\" style=\"font-family:Lora\">Londres<\/p>\n\n\n\n<p><\/p>\n\n\n\n<p><\/p>\n\n\n\n<p class=\"has-text-align-center has-lora-font-family has-large-font-size has-custom-font\" style=\"font-family:Lora\">BBInteriors est bas\u00e9 \u00e0 Blonay (Vaud), en Suisse, mais je propose \u00e9galement mes services en ligne pour des clients situ\u00e9s ailleurs.<\/p>","protected":false},"excerpt":{"rendered":"<p>Introduction to BBInteriors I&#8217;m Becky, an interior designer based in Blonay, Vaud. Since graduating from KLC School of Design in London over 15 years ago, I&#8217;ve focused on high-end residential projects in Switzerland and the UK. I specialise in creating warm, original spaces that blend old and new, with richly layered, timeless design. Every project [&hellip;]<\/p>\n","protected":false},"author":2,"featured_media":0,"parent":0,"menu_order":0,"comment_status":"closed","ping_status":"closed","template":"","meta":{"_coblocks_attr":"Faustina,Faustina,Abril Fatface,Cormorant Garamond,Lora","_coblocks_dimensions":"","_coblocks_responsive_height":"","_coblocks_accordion_ie_support":"","hide_page_title":"enabled","footnotes":""},"class_list":["post-251","page","type-page","status-publish","hentry"],"aioseo_notices":[],"_links":{"self":[{"href":"https:\/\/bbinteriors.ch\/fr\/wp-json\/wp\/v2\/pages\/251","targetHints":{"allow":["GET"]}}],"collection":[{"href":"https:\/\/bbinteriors.ch\/fr\/wp-json\/wp\/v2\/pages"}],"about":[{"href":"https:\/\/bbinteriors.ch\/fr\/wp-json\/wp\/v2\/types\/page"}],"author":[{"embeddable":true,"href":"https:\/\/bbinteriors.ch\/fr\/wp-json\/wp\/v2\/users\/2"}],"replies":[{"embeddable":true,"href":"https:\/\/bbinteriors.ch\/fr\/wp-json\/wp\/v2\/comments?post=251"}],"version-history":[{"count":54,"href":"https:\/\/bbinteriors.ch\/fr\/wp-json\/wp\/v2\/pages\/251\/revisions"}],"predecessor-version":[{"id":1290,"href":"https:\/\/bbinteriors.ch\/fr\/wp-json\/wp\/v2\/pages\/251\/revisions\/1290"}],"wp:attachment":[{"href":"https:\/\/bbinteriors.ch\/fr\/wp-json\/wp\/v2\/media?parent=251"}],"curies":[{"name":"wp","href":"https:\/\/api.w.org\/{rel}","templated":true}]}}