{"id":130,"date":"2025-07-24T10:31:50","date_gmt":"2025-07-24T10:31:50","guid":{"rendered":"https:\/\/bbinteriors.ch\/?page_id=130"},"modified":"2025-11-03T14:12:25","modified_gmt":"2025-11-03T14:12:25","slug":"bespoke-beauty","status":"publish","type":"page","link":"https:\/\/bbinteriors.ch\/fr\/bespoke-beauty\/","title":{"rendered":"Services Sur-Mesure"},"content":{"rendered":"<h1 class=\"wp-block-heading has-text-align-center has-lora-font-family has-custom-font\" style=\"font-family:Lora\">Services Sur-Mesure<\/h1>\n\n\n\n<div class=\"wp-block-media-text alignwide is-stacked-on-mobile\" style=\"padding-top:0px;padding-right:0px;padding-bottom:0px;padding-left:0px\"><figure class=\"wp-block-media-text__media\"><img loading=\"lazy\" decoding=\"async\" width=\"891\" height=\"881\" src=\"http:\/\/bbinteriors.ch\/wp-content\/uploads\/2025\/03\/8C51B02C-8F3D-402A-988A-2CB7FA403445_1_105_c.jpeg\" alt=\"Bespoke Services\" class=\"wp-image-134 size-full\" srcset=\"https:\/\/bbinteriors.ch\/wp-content\/uploads\/2025\/03\/8C51B02C-8F3D-402A-988A-2CB7FA403445_1_105_c.jpeg 891w, https:\/\/bbinteriors.ch\/wp-content\/uploads\/2025\/03\/8C51B02C-8F3D-402A-988A-2CB7FA403445_1_105_c-300x297.jpeg 300w, https:\/\/bbinteriors.ch\/wp-content\/uploads\/2025\/03\/8C51B02C-8F3D-402A-988A-2CB7FA403445_1_105_c-768x759.jpeg 768w\" sizes=\"auto, (max-width: 891px) 100vw, 891px\" \/><\/figure><div class=\"wp-block-media-text__content\">\n<p class=\"has-lora-font-family has-large-font-size has-custom-font\" style=\"font-family:Lora\">Collaborer avec des artisans talentueux pour cr\u00e9er des pi\u00e8ces uniques est l'un des aspects les plus gratifiants de la d\u00e9coration int\u00e9rieure. Chaque pi\u00e8ce refl\u00e8te l'individualit\u00e9 de mon client et l'espace que nous fa\u00e7onnons ensemble.<\/p>\n\n\n\n<p><\/p>\n\n\n\n<p class=\"has-lora-font-family has-large-font-size has-custom-font\" style=\"font-family:Lora\">Ce magnifique lustre a \u00e9t\u00e9 fabriqu\u00e9 en Italie pour s'harmoniser avec la d\u00e9coration des fen\u00eatres, la couleur des murs et le tapis sur mesure en dessous.<\/p>\n<\/div><\/div>\n\n\n\n<div class=\"wp-block-media-text alignwide has-media-on-the-right is-stacked-on-mobile is-style-default\" style=\"padding-top:0px;padding-right:0px;padding-bottom:0px;padding-left:0px\"><div class=\"wp-block-media-text__content\">\n<p class=\"has-lora-font-family has-large-font-size has-custom-font\" style=\"font-family:Lora\">Je suis fier de collaborer avec des entreprises qui partagent mon engagement envers des pratiques \u00e9thiques et durables. Jaipur Rugs incarne cette philosophie en s'associant directement avec des artisans pour soutenir leurs communaut\u00e9s gr\u00e2ce \u00e0 un travail significatif et durable. Ensemble, nous avons con\u00e7u ce tapis de salon sur mesure aux couleurs vives, tiss\u00e9 \u00e0 la main avec soin par leur talentueuse \u00e9quipe en Inde.<\/p>\n<\/div><figure class=\"wp-block-media-text__media\"><img loading=\"lazy\" decoding=\"async\" width=\"1024\" height=\"1024\" src=\"http:\/\/bbinteriors.ch\/wp-content\/uploads\/2025\/05\/JAIPUR-COLLAGE-1-1024x1024.png\" alt=\"\" class=\"wp-image-413 size-full\" srcset=\"https:\/\/bbinteriors.ch\/wp-content\/uploads\/2025\/05\/JAIPUR-COLLAGE-1-1024x1024.png 1024w, https:\/\/bbinteriors.ch\/wp-content\/uploads\/2025\/05\/JAIPUR-COLLAGE-1-300x300.png 300w, https:\/\/bbinteriors.ch\/wp-content\/uploads\/2025\/05\/JAIPUR-COLLAGE-1-150x150.png 150w, https:\/\/bbinteriors.ch\/wp-content\/uploads\/2025\/05\/JAIPUR-COLLAGE-1-768x768.png 768w, https:\/\/bbinteriors.ch\/wp-content\/uploads\/2025\/05\/JAIPUR-COLLAGE-1-1536x1536.png 1536w, https:\/\/bbinteriors.ch\/wp-content\/uploads\/2025\/05\/JAIPUR-COLLAGE-1.png 2000w\" sizes=\"auto, (max-width: 1024px) 100vw, 1024px\" \/><\/figure><\/div>\n\n\n\n<div class=\"wp-block-media-text alignwide is-stacked-on-mobile is-style-default\" style=\"padding-top:0px;padding-right:0px;padding-bottom:0px;padding-left:0px\"><figure class=\"wp-block-media-text__media\"><img loading=\"lazy\" decoding=\"async\" width=\"768\" height=\"1024\" src=\"http:\/\/bbinteriors.ch\/wp-content\/uploads\/2025\/06\/upstairs-hall.jpeg\" alt=\"\" class=\"wp-image-587 size-full\" srcset=\"https:\/\/bbinteriors.ch\/wp-content\/uploads\/2025\/06\/upstairs-hall.jpeg 768w, https:\/\/bbinteriors.ch\/wp-content\/uploads\/2025\/06\/upstairs-hall-225x300.jpeg 225w\" sizes=\"auto, (max-width: 768px) 100vw, 768px\" \/><\/figure><div class=\"wp-block-media-text__content\">\n<p class=\"has-lora-font-family has-large-font-size has-custom-font\" style=\"font-family:Lora\">Une autre collaboration r\u00e9ussie avec Jaipur a donn\u00e9 naissance \u00e0 ce magnifique tapis de hall sur mesure, avec des couleurs soigneusement s\u00e9lectionn\u00e9es pour cr\u00e9er une ambiance reposante mais luxueuse.<\/p>\n<\/div><\/div>\n\n\n\n<div class=\"wp-block-media-text alignwide has-media-on-the-right is-stacked-on-mobile\"><div class=\"wp-block-media-text__content\">\n<p class=\"has-lora-font-family has-large-font-size has-custom-font\" style=\"font-family:Lora\">Cette superbe m\u00e9ridienne a \u00e9t\u00e9 fabriqu\u00e9e \u00e0 la main au Portugal, recouverte de velours vert \u00e9meraude moelleux avec un cadre noir brillant \u00e9l\u00e9gant et des pieds dor\u00e9s de style bambou - le m\u00e9lange parfait de confort et de luxe.<\/p>\n<\/div><figure class=\"wp-block-media-text__media\"><img loading=\"lazy\" decoding=\"async\" width=\"1024\" height=\"540\" src=\"http:\/\/bbinteriors.ch\/wp-content\/uploads\/2025\/07\/322EBC24-BE07-4F20-AC3F-5BBA68215EF4_1_105_c-e1753355018674.jpeg\" alt=\"\" class=\"wp-image-837 size-full\" srcset=\"https:\/\/bbinteriors.ch\/wp-content\/uploads\/2025\/07\/322EBC24-BE07-4F20-AC3F-5BBA68215EF4_1_105_c-e1753355018674.jpeg 1024w, https:\/\/bbinteriors.ch\/wp-content\/uploads\/2025\/07\/322EBC24-BE07-4F20-AC3F-5BBA68215EF4_1_105_c-e1753355018674-300x158.jpeg 300w, https:\/\/bbinteriors.ch\/wp-content\/uploads\/2025\/07\/322EBC24-BE07-4F20-AC3F-5BBA68215EF4_1_105_c-e1753355018674-768x405.jpeg 768w\" sizes=\"auto, (max-width: 1024px) 100vw, 1024px\" \/><\/figure><\/div>\n\n\n\n<div class=\"wp-block-media-text alignwide is-stacked-on-mobile\"><figure class=\"wp-block-media-text__media\"><img loading=\"lazy\" decoding=\"async\" width=\"1024\" height=\"674\" src=\"https:\/\/bbinteriors.ch\/wp-content\/uploads\/2025\/07\/Untitled-3-1024x674.jpg\" alt=\"\" class=\"wp-image-845 size-full\" srcset=\"https:\/\/bbinteriors.ch\/wp-content\/uploads\/2025\/07\/Untitled-3-1024x674.jpg 1024w, https:\/\/bbinteriors.ch\/wp-content\/uploads\/2025\/07\/Untitled-3-300x198.jpg 300w, https:\/\/bbinteriors.ch\/wp-content\/uploads\/2025\/07\/Untitled-3-768x506.jpg 768w, https:\/\/bbinteriors.ch\/wp-content\/uploads\/2025\/07\/Untitled-3.jpg 1344w\" sizes=\"auto, (max-width: 1024px) 100vw, 1024px\" \/><\/figure><div class=\"wp-block-media-text__content\">\n<p class=\"has-lora-font-family has-large-font-size has-custom-font\" style=\"font-family:Lora\">Ces magnifiques consoles ont \u00e9t\u00e9 fabriqu\u00e9es \u00e0 la main en fer martel\u00e9 avec une finition en m\u00e9tal fondu. Chaque table repose sous une applique murale en forme de branche, orn\u00e9e de d\u00e9licats abat-jour en verre \u00e9voquant des fleurs \u00e9panouies.<\/p>\n<\/div><\/div>\n\n\n\n<div class=\"wp-block-media-text alignwide has-media-on-the-right is-stacked-on-mobile is-style-default\" style=\"padding-top:0px;padding-right:0px;padding-bottom:0px;padding-left:0px\"><div class=\"wp-block-media-text__content\">\n<p class=\"has-lora-font-family has-large-font-size has-custom-font\" style=\"font-family:Lora\">Le surcyclage est une excellente fa\u00e7on de cr\u00e9er des pi\u00e8ces uniques et sur mesure. Dans ce cas pr\u00e9cis, nous avons transform\u00e9 un repose-pieds en cuir marron, devenu inutile, en le retapissant d'un superbe velours fleuri, lui insufflant une nouvelle vie et un nouveau caract\u00e8re.<\/p>\n<\/div><figure class=\"wp-block-media-text__media\"><img loading=\"lazy\" decoding=\"async\" width=\"791\" height=\"993\" src=\"http:\/\/bbinteriors.ch\/wp-content\/uploads\/2025\/06\/A22B3C3B-06B3-45E9-B1D1-DD5C718CBDD4_1_105_c.jpeg\" alt=\"\" class=\"wp-image-596 size-full\" srcset=\"https:\/\/bbinteriors.ch\/wp-content\/uploads\/2025\/06\/A22B3C3B-06B3-45E9-B1D1-DD5C718CBDD4_1_105_c.jpeg 791w, https:\/\/bbinteriors.ch\/wp-content\/uploads\/2025\/06\/A22B3C3B-06B3-45E9-B1D1-DD5C718CBDD4_1_105_c-239x300.jpeg 239w, https:\/\/bbinteriors.ch\/wp-content\/uploads\/2025\/06\/A22B3C3B-06B3-45E9-B1D1-DD5C718CBDD4_1_105_c-768x964.jpeg 768w\" sizes=\"auto, (max-width: 791px) 100vw, 791px\" \/><\/figure><\/div>\n\n\n\n<div class=\"wp-block-media-text alignwide is-stacked-on-mobile\"><figure class=\"wp-block-media-text__media\"><img loading=\"lazy\" decoding=\"async\" width=\"776\" height=\"1024\" src=\"https:\/\/bbinteriors.ch\/wp-content\/uploads\/2025\/07\/Untitled-3-1-776x1024.jpg\" alt=\"\" class=\"wp-image-847 size-full\" srcset=\"https:\/\/bbinteriors.ch\/wp-content\/uploads\/2025\/07\/Untitled-3-1-776x1024.jpg 776w, https:\/\/bbinteriors.ch\/wp-content\/uploads\/2025\/07\/Untitled-3-1-227x300.jpg 227w, https:\/\/bbinteriors.ch\/wp-content\/uploads\/2025\/07\/Untitled-3-1-768x1014.jpg 768w, https:\/\/bbinteriors.ch\/wp-content\/uploads\/2025\/07\/Untitled-3-1-1164x1536.jpg 1164w, https:\/\/bbinteriors.ch\/wp-content\/uploads\/2025\/07\/Untitled-3-1.jpg 1316w\" sizes=\"auto, (max-width: 776px) 100vw, 776px\" \/><\/figure><div class=\"wp-block-media-text__content\">\n<p class=\"has-lora-font-family has-large-font-size has-custom-font\" style=\"font-family:Lora\">Ces chaises anciennes ont \u00e9t\u00e9 retapiss\u00e9es dans des styles tr\u00e8s diff\u00e9rents pour leur donner un nouveau souffle.<\/p>\n<\/div><\/div>\n\n\n\n<div class=\"wp-block-media-text alignwide has-media-on-the-right is-stacked-on-mobile\"><div class=\"wp-block-media-text__content\">\n<p class=\"has-lora-font-family has-large-font-size has-custom-font\" style=\"font-family:Lora\">Voici un \u00e9l\u00e9ment de plafond remarquable, r\u00e9alis\u00e9 \u00e0 partir d'une vieille porte en bois. Suspendu \u00e0 des cha\u00eenes et agr\u00e9ment\u00e9 de verdure, il cr\u00e9e un point focal frais, tel une vo\u00fbte, qui apporte une touche de nature \u00e0 l'int\u00e9rieur.<\/p>\n<\/div><figure class=\"wp-block-media-text__media\"><img loading=\"lazy\" decoding=\"async\" width=\"1024\" height=\"670\" src=\"https:\/\/bbinteriors.ch\/wp-content\/uploads\/2025\/07\/Untitled-4-1024x670.jpg\" alt=\"\" class=\"wp-image-848 size-full\" srcset=\"https:\/\/bbinteriors.ch\/wp-content\/uploads\/2025\/07\/Untitled-4-1024x670.jpg 1024w, https:\/\/bbinteriors.ch\/wp-content\/uploads\/2025\/07\/Untitled-4-300x196.jpg 300w, https:\/\/bbinteriors.ch\/wp-content\/uploads\/2025\/07\/Untitled-4-768x503.jpg 768w, https:\/\/bbinteriors.ch\/wp-content\/uploads\/2025\/07\/Untitled-4.jpg 1340w\" sizes=\"auto, (max-width: 1024px) 100vw, 1024px\" \/><\/figure><\/div>\n\n\n\n<div class=\"wp-block-media-text alignwide is-stacked-on-mobile\"><figure class=\"wp-block-media-text__media\"><img loading=\"lazy\" decoding=\"async\" width=\"1024\" height=\"912\" src=\"https:\/\/bbinteriors.ch\/wp-content\/uploads\/2025\/07\/Untitled-4-1-1024x912.jpg\" alt=\"\" class=\"wp-image-849 size-full\" srcset=\"https:\/\/bbinteriors.ch\/wp-content\/uploads\/2025\/07\/Untitled-4-1-1024x912.jpg 1024w, https:\/\/bbinteriors.ch\/wp-content\/uploads\/2025\/07\/Untitled-4-1-300x267.jpg 300w, https:\/\/bbinteriors.ch\/wp-content\/uploads\/2025\/07\/Untitled-4-1-768x684.jpg 768w, https:\/\/bbinteriors.ch\/wp-content\/uploads\/2025\/07\/Untitled-4-1.jpg 1339w\" sizes=\"auto, (max-width: 1024px) 100vw, 1024px\" \/><\/figure><div class=\"wp-block-media-text__content\">\n<p class=\"has-lora-font-family has-large-font-size has-custom-font\" style=\"font-family:Lora\">Un cadre de fen\u00eatre, jet\u00e9 d'une vieille demeure seigneuriale anglaise, a \u00e9t\u00e9 soigneusement transform\u00e9 en miroir, avec du verre \u00e9glomis\u00e9 (verre miroir vieilli).<\/p>\n<\/div><\/div>\n\n\n\n<p class=\"has-large-font-size\" style=\"padding-bottom:var(--wp--preset--spacing--80)\"><\/p>","protected":false},"excerpt":{"rendered":"<p>Bespoke Services Partnering with talented artisans to create one-of-a-kind pieces is one of the most rewarding parts of interior design. Each item is a reflection of my client\u2019s individuality and the space we shape together. This beautiful chandelier was made in Italy to coordinate with the existing window dressing, wall colour and the bespoke carpet [&hellip;]<\/p>\n","protected":false},"author":2,"featured_media":0,"parent":0,"menu_order":0,"comment_status":"closed","ping_status":"closed","template":"","meta":{"_coblocks_attr":"Faustina,Cormorant Garamond,PT Serif,IBM Plex Sans,Montserrat,Lora","_coblocks_dimensions":"","_coblocks_responsive_height":"","_coblocks_accordion_ie_support":"","hide_page_title":"enabled","footnotes":""},"class_list":["post-130","page","type-page","status-publish","hentry"],"aioseo_notices":[],"_links":{"self":[{"href":"https:\/\/bbinteriors.ch\/fr\/wp-json\/wp\/v2\/pages\/130","targetHints":{"allow":["GET"]}}],"collection":[{"href":"https:\/\/bbinteriors.ch\/fr\/wp-json\/wp\/v2\/pages"}],"about":[{"href":"https:\/\/bbinteriors.ch\/fr\/wp-json\/wp\/v2\/types\/page"}],"author":[{"embeddable":true,"href":"https:\/\/bbinteriors.ch\/fr\/wp-json\/wp\/v2\/users\/2"}],"replies":[{"embeddable":true,"href":"https:\/\/bbinteriors.ch\/fr\/wp-json\/wp\/v2\/comments?post=130"}],"version-history":[{"count":60,"href":"https:\/\/bbinteriors.ch\/fr\/wp-json\/wp\/v2\/pages\/130\/revisions"}],"predecessor-version":[{"id":1097,"href":"https:\/\/bbinteriors.ch\/fr\/wp-json\/wp\/v2\/pages\/130\/revisions\/1097"}],"wp:attachment":[{"href":"https:\/\/bbinteriors.ch\/fr\/wp-json\/wp\/v2\/media?parent=130"}],"curies":[{"name":"wp","href":"https:\/\/api.w.org\/{rel}","templated":true}]}}