{"id":126,"date":"2025-06-19T15:50:01","date_gmt":"2025-06-19T15:50:01","guid":{"rendered":"http:\/\/bbinteriors.ch\/?page_id=126"},"modified":"2025-11-06T12:09:00","modified_gmt":"2025-11-06T12:09:00","slug":"enduring-charm","status":"publish","type":"page","link":"https:\/\/bbinteriors.ch\/fr\/portfolio\/enduring-charm\/","title":{"rendered":"Entrance Hall"},"content":{"rendered":"<h1 class=\"wp-block-heading has-text-align-center has-lora-font-family has-custom-font\" style=\"font-family:Lora\">Enduring Charm<\/h1>\n\n\n\n<div class=\"wp-block-media-text alignwide is-stacked-on-mobile\"><figure class=\"wp-block-media-text__media\"><img loading=\"lazy\" decoding=\"async\" width=\"768\" height=\"1024\" src=\"https:\/\/bbinteriors.ch\/wp-content\/uploads\/2025\/06\/7E22BECA-5A65-4E61-8AAB-31E1963464DD_1_105_c.jpeg\" alt=\"\" class=\"wp-image-534 size-full\" srcset=\"https:\/\/bbinteriors.ch\/wp-content\/uploads\/2025\/06\/7E22BECA-5A65-4E61-8AAB-31E1963464DD_1_105_c.jpeg 768w, https:\/\/bbinteriors.ch\/wp-content\/uploads\/2025\/06\/7E22BECA-5A65-4E61-8AAB-31E1963464DD_1_105_c-225x300.jpeg 225w\" sizes=\"auto, (max-width: 768px) 100vw, 768px\" \/><\/figure><div class=\"wp-block-media-text__content\">\n<p class=\"has-large-font-size\">Ce couloir a\u00e9r\u00e9 avait grand besoin d'\u00eatre rafra\u00eechi. Ses charmants \u00e9l\u00e9ments de style cottage et son sol en pierre italienne d'origine ont \u00e9t\u00e9 l'inspiration id\u00e9ale pour lancer le processus de conception et d'approvisionnement.<\/p>\n<\/div><\/div>\n\n\n\n<div class=\"wp-block-media-text alignwide has-media-on-the-right is-stacked-on-mobile\"><div class=\"wp-block-media-text__content\">\n<p class=\"has-large-font-size\" style=\"padding-right:var(--wp--preset--spacing--60);padding-left:var(--wp--preset--spacing--60)\">Nous avons choisi une palette douce et sobre de bleu, de gris et de blanc cass\u00e9 pour compl\u00e9ter les tons naturels du sol en pierre.<\/p>\n<\/div><figure class=\"wp-block-media-text__media\"><img loading=\"lazy\" decoding=\"async\" width=\"1024\" height=\"768\" src=\"https:\/\/bbinteriors.ch\/wp-content\/uploads\/2025\/06\/F4437965-0C45-4A90-94EB-F9FAB7FCA21F_1_105_c-fotor-20250613144648.png\" alt=\"\" class=\"wp-image-543 size-full\" srcset=\"https:\/\/bbinteriors.ch\/wp-content\/uploads\/2025\/06\/F4437965-0C45-4A90-94EB-F9FAB7FCA21F_1_105_c-fotor-20250613144648.png 1024w, https:\/\/bbinteriors.ch\/wp-content\/uploads\/2025\/06\/F4437965-0C45-4A90-94EB-F9FAB7FCA21F_1_105_c-fotor-20250613144648-300x225.png 300w, https:\/\/bbinteriors.ch\/wp-content\/uploads\/2025\/06\/F4437965-0C45-4A90-94EB-F9FAB7FCA21F_1_105_c-fotor-20250613144648-768x576.png 768w\" sizes=\"auto, (max-width: 1024px) 100vw, 1024px\" \/><\/figure><\/div>\n\n\n\n<div class=\"wp-block-media-text alignwide is-stacked-on-mobile\"><figure class=\"wp-block-media-text__media\"><img loading=\"lazy\" decoding=\"async\" width=\"768\" height=\"1024\" src=\"https:\/\/bbinteriors.ch\/wp-content\/uploads\/2025\/06\/IMG_3218-768x1024.png\" alt=\"\" class=\"wp-image-544 size-full\" srcset=\"https:\/\/bbinteriors.ch\/wp-content\/uploads\/2025\/06\/IMG_3218-768x1024.png 768w, https:\/\/bbinteriors.ch\/wp-content\/uploads\/2025\/06\/IMG_3218-225x300.png 225w, https:\/\/bbinteriors.ch\/wp-content\/uploads\/2025\/06\/IMG_3218-1152x1536.png 1152w, https:\/\/bbinteriors.ch\/wp-content\/uploads\/2025\/06\/IMG_3218-1536x2048.png 1536w, https:\/\/bbinteriors.ch\/wp-content\/uploads\/2025\/06\/IMG_3218-scaled.png 1920w\" sizes=\"auto, (max-width: 768px) 100vw, 768px\" \/><\/figure><div class=\"wp-block-media-text__content\">\n<p class=\"has-large-font-size\">Pour ajouter des touches sur mesure, nous nous sommes associ\u00e9s \u00e0 un fabricant de meubles italien pour fabriquer le buffet et le meuble d'entr\u00e9e, tous deux finis dans un gris agate raffin\u00e9.<\/p>\n<\/div><\/div>\n\n\n\n<div class=\"wp-block-media-text alignwide has-media-on-the-right is-stacked-on-mobile\"><div class=\"wp-block-media-text__content\">\n<p class=\"has-large-font-size\" style=\"padding-right:var(--wp--preset--spacing--60);padding-left:var(--wp--preset--spacing--60)\">Le rev\u00eatement mural, aux tons bleu ancien et cr\u00e8me, est un vinyle lavable \u00e0 la texture effet lin, alliant durabilit\u00e9 et \u00e9l\u00e9gance classique. Pour apporter chaleur et confort \u00e0 l'escalier, nous avons opt\u00e9 pour une moquette en laine.<\/p>\n<\/div><figure class=\"wp-block-media-text__media\"><img loading=\"lazy\" decoding=\"async\" width=\"683\" height=\"1024\" src=\"http:\/\/bbinteriors.ch\/wp-content\/uploads\/2025\/05\/BF5524D9-BEAF-43D6-ACC0-76443027BE9E_1_201_a-683x1024.jpeg\" alt=\"\" class=\"wp-image-512 size-full\" srcset=\"https:\/\/bbinteriors.ch\/wp-content\/uploads\/2025\/05\/BF5524D9-BEAF-43D6-ACC0-76443027BE9E_1_201_a-683x1024.jpeg 683w, https:\/\/bbinteriors.ch\/wp-content\/uploads\/2025\/05\/BF5524D9-BEAF-43D6-ACC0-76443027BE9E_1_201_a-200x300.jpeg 200w, https:\/\/bbinteriors.ch\/wp-content\/uploads\/2025\/05\/BF5524D9-BEAF-43D6-ACC0-76443027BE9E_1_201_a-768x1152.jpeg 768w, https:\/\/bbinteriors.ch\/wp-content\/uploads\/2025\/05\/BF5524D9-BEAF-43D6-ACC0-76443027BE9E_1_201_a-1024x1536.jpeg 1024w, https:\/\/bbinteriors.ch\/wp-content\/uploads\/2025\/05\/BF5524D9-BEAF-43D6-ACC0-76443027BE9E_1_201_a.jpeg 1358w\" sizes=\"auto, (max-width: 683px) 100vw, 683px\" \/><\/figure><\/div>\n\n\n\n<figure class=\"wp-block-gallery aligncenter has-nested-images columns-default is-cropped wp-block-gallery-1 is-layout-flex wp-block-gallery-is-layout-flex\">\n<figure class=\"wp-block-image size-large\"><img loading=\"lazy\" decoding=\"async\" width=\"800\" height=\"800\" data-id=\"558\" src=\"https:\/\/bbinteriors.ch\/wp-content\/uploads\/2025\/06\/esther-wallpaper-colefax-and-fowler.jpg\" alt=\"\" class=\"wp-image-558\" srcset=\"https:\/\/bbinteriors.ch\/wp-content\/uploads\/2025\/06\/esther-wallpaper-colefax-and-fowler.jpg 800w, https:\/\/bbinteriors.ch\/wp-content\/uploads\/2025\/06\/esther-wallpaper-colefax-and-fowler-300x300.jpg 300w, https:\/\/bbinteriors.ch\/wp-content\/uploads\/2025\/06\/esther-wallpaper-colefax-and-fowler-150x150.jpg 150w, https:\/\/bbinteriors.ch\/wp-content\/uploads\/2025\/06\/esther-wallpaper-colefax-and-fowler-768x768.jpg 768w\" sizes=\"auto, (max-width: 800px) 100vw, 800px\" \/><\/figure>\n\n\n\n<figure class=\"wp-block-image size-large\"><img loading=\"lazy\" decoding=\"async\" width=\"1024\" height=\"1024\" data-id=\"557\" src=\"https:\/\/bbinteriors.ch\/wp-content\/uploads\/2025\/06\/07166-02-aqua-1024x1024.jpg\" alt=\"\" class=\"wp-image-557\" srcset=\"https:\/\/bbinteriors.ch\/wp-content\/uploads\/2025\/06\/07166-02-aqua-1024x1024.jpg 1024w, https:\/\/bbinteriors.ch\/wp-content\/uploads\/2025\/06\/07166-02-aqua-300x300.jpg 300w, https:\/\/bbinteriors.ch\/wp-content\/uploads\/2025\/06\/07166-02-aqua-150x150.jpg 150w, https:\/\/bbinteriors.ch\/wp-content\/uploads\/2025\/06\/07166-02-aqua-768x768.jpg 768w, https:\/\/bbinteriors.ch\/wp-content\/uploads\/2025\/06\/07166-02-aqua.jpg 1500w\" sizes=\"auto, (max-width: 1024px) 100vw, 1024px\" \/><\/figure>\n<\/figure>\n\n\n\n<div class=\"wp-block-media-text alignwide is-stacked-on-mobile\" style=\"grid-template-columns:51% auto\"><figure class=\"wp-block-media-text__media\"><img loading=\"lazy\" decoding=\"async\" width=\"768\" height=\"1024\" src=\"https:\/\/bbinteriors.ch\/wp-content\/uploads\/2025\/06\/IMG_9318-768x1024.jpg\" alt=\"\" class=\"wp-image-705 size-full\" srcset=\"https:\/\/bbinteriors.ch\/wp-content\/uploads\/2025\/06\/IMG_9318-768x1024.jpg 768w, https:\/\/bbinteriors.ch\/wp-content\/uploads\/2025\/06\/IMG_9318-225x300.jpg 225w, https:\/\/bbinteriors.ch\/wp-content\/uploads\/2025\/06\/IMG_9318-1152x1536.jpg 1152w, https:\/\/bbinteriors.ch\/wp-content\/uploads\/2025\/06\/IMG_9318-1536x2048.jpg 1536w, https:\/\/bbinteriors.ch\/wp-content\/uploads\/2025\/06\/IMG_9318-scaled.jpg 1920w\" sizes=\"auto, (max-width: 768px) 100vw, 768px\" \/><\/figure><div class=\"wp-block-media-text__content\">\n<p class=\"has-lora-font-family has-large-font-size has-custom-font\" style=\"font-family:Lora\">Pour respecter le budget, nous avons conserv\u00e9 les sanitaires existants dans la salle de bain des invit\u00e9s et avons introduit une tapisserie florale dans les tons beige et bleu ancien, l'int\u00e9grant parfaitement \u00e0 la palette de couleurs du couloir.<\/p>\n<\/div><\/div>\n\n\n\n<figure class=\"wp-block-image size-full\"><img loading=\"lazy\" decoding=\"async\" width=\"886\" height=\"886\" src=\"https:\/\/bbinteriors.ch\/wp-content\/uploads\/2025\/06\/BF5524D9-BEAF-43D6-ACC0-76443027BE9E_1_105_c.jpeg\" alt=\"\" class=\"wp-image-548\" srcset=\"https:\/\/bbinteriors.ch\/wp-content\/uploads\/2025\/06\/BF5524D9-BEAF-43D6-ACC0-76443027BE9E_1_105_c.jpeg 886w, https:\/\/bbinteriors.ch\/wp-content\/uploads\/2025\/06\/BF5524D9-BEAF-43D6-ACC0-76443027BE9E_1_105_c-300x300.jpeg 300w, https:\/\/bbinteriors.ch\/wp-content\/uploads\/2025\/06\/BF5524D9-BEAF-43D6-ACC0-76443027BE9E_1_105_c-150x150.jpeg 150w, https:\/\/bbinteriors.ch\/wp-content\/uploads\/2025\/06\/BF5524D9-BEAF-43D6-ACC0-76443027BE9E_1_105_c-768x768.jpeg 768w\" sizes=\"auto, (max-width: 886px) 100vw, 886px\" \/><\/figure>\n\n\n\n<div class=\"wp-block-buttons has-custom-font-size has-large-font-size is-content-justification-right is-layout-flex wp-container-core-buttons-is-layout-765c4724 wp-block-buttons-is-layout-flex\">\n<div class=\"wp-block-button is-style-outline is-style-outline--2\"><a class=\"wp-block-button__link has-quaternary-color has-secondary-background-color has-text-color has-background has-link-color has-large-font-size has-custom-font-size wp-element-button\" href=\"https:\/\/bbinteriors.ch\/fr\/portfolio\/emerald-lounge\/\">Suivante<\/a><\/div>\n<\/div>\n\n\n\n<p><\/p>","protected":false},"excerpt":{"rendered":"<p>Enduring Charm This airy hallway was long overdue for a refresh. Its charming cottage-style features and original Italian stone floor provided the ideal inspiration to kick off the design and sourcing process. We chose a soft, understated palette of blue, grey, and off-white to complement the natural tones of the stone floor. To add bespoke [&hellip;]<\/p>\n","protected":false},"author":2,"featured_media":0,"parent":85,"menu_order":0,"comment_status":"closed","ping_status":"closed","template":"","meta":{"_coblocks_attr":"Faustina,,Arial,Times New Roman,Faustina,Lora","_coblocks_dimensions":"","_coblocks_responsive_height":"","_coblocks_accordion_ie_support":"","hide_page_title":"enabled","footnotes":""},"class_list":["post-126","page","type-page","status-publish","hentry"],"aioseo_notices":[],"_links":{"self":[{"href":"https:\/\/bbinteriors.ch\/fr\/wp-json\/wp\/v2\/pages\/126","targetHints":{"allow":["GET"]}}],"collection":[{"href":"https:\/\/bbinteriors.ch\/fr\/wp-json\/wp\/v2\/pages"}],"about":[{"href":"https:\/\/bbinteriors.ch\/fr\/wp-json\/wp\/v2\/types\/page"}],"author":[{"embeddable":true,"href":"https:\/\/bbinteriors.ch\/fr\/wp-json\/wp\/v2\/users\/2"}],"replies":[{"embeddable":true,"href":"https:\/\/bbinteriors.ch\/fr\/wp-json\/wp\/v2\/comments?post=126"}],"version-history":[{"count":35,"href":"https:\/\/bbinteriors.ch\/fr\/wp-json\/wp\/v2\/pages\/126\/revisions"}],"predecessor-version":[{"id":1168,"href":"https:\/\/bbinteriors.ch\/fr\/wp-json\/wp\/v2\/pages\/126\/revisions\/1168"}],"up":[{"embeddable":true,"href":"https:\/\/bbinteriors.ch\/fr\/wp-json\/wp\/v2\/pages\/85"}],"wp:attachment":[{"href":"https:\/\/bbinteriors.ch\/fr\/wp-json\/wp\/v2\/media?parent=126"}],"curies":[{"name":"wp","href":"https:\/\/api.w.org\/{rel}","templated":true}]}}