{"id":124,"date":"2025-06-29T12:11:51","date_gmt":"2025-06-29T12:11:51","guid":{"rendered":"http:\/\/bbinteriors.ch\/?page_id=124"},"modified":"2025-11-03T12:25:13","modified_gmt":"2025-11-03T12:25:13","slug":"bronze-bourbon","status":"publish","type":"page","link":"https:\/\/bbinteriors.ch\/fr\/portfolio\/bronze-bourbon\/","title":{"rendered":"Classic Sitting Room"},"content":{"rendered":"<h1 class=\"wp-block-heading has-text-align-center has-lora-font-family has-custom-font\" style=\"font-family:Lora\">Bronze et Bourbon<\/h1>\n\n\n\n<div class=\"wp-block-media-text alignwide is-stacked-on-mobile\"><figure class=\"wp-block-media-text__media\"><img loading=\"lazy\" decoding=\"async\" width=\"768\" height=\"1024\" src=\"http:\/\/bbinteriors.ch\/wp-content\/uploads\/2025\/03\/145F3C2D-04FC-4206-A31C-54EF40D9C226_1_105_c-1.jpeg\" alt=\"Bronze &amp; Bourbon\" class=\"wp-image-287 size-full\" srcset=\"https:\/\/bbinteriors.ch\/wp-content\/uploads\/2025\/03\/145F3C2D-04FC-4206-A31C-54EF40D9C226_1_105_c-1.jpeg 768w, https:\/\/bbinteriors.ch\/wp-content\/uploads\/2025\/03\/145F3C2D-04FC-4206-A31C-54EF40D9C226_1_105_c-1-225x300.jpeg 225w\" sizes=\"auto, (max-width: 768px) 100vw, 768px\" \/><\/figure><div class=\"wp-block-media-text__content\">\n<p class=\"is-style-default has-large-font-size\">\u00c9tant donn\u00e9 une toile vierge, nos merveilleux clients de Marylebone nous ont demand\u00e9 de concevoir un salon raffin\u00e9 qui incarne la richesse et la chaleur d'un salon \u00e0 cigares classique.<\/p>\n<\/div><\/div>\n\n\n\n<div class=\"wp-block-media-text alignwide has-media-on-the-right is-stacked-on-mobile\"><div class=\"wp-block-media-text__content\">\n<p class=\"has-large-font-size\">Nous avons utilis\u00e9 des tons profonds et chauds combin\u00e9s \u00e0 des textures de cuir, des accents m\u00e9talliques et des \u0153uvres d'art uniques pour cr\u00e9er une atmosph\u00e8re chaleureuse, haut de gamme et vintage.<\/p>\n<\/div><figure class=\"wp-block-media-text__media\"><img loading=\"lazy\" decoding=\"async\" width=\"1024\" height=\"768\" src=\"http:\/\/bbinteriors.ch\/wp-content\/uploads\/2025\/05\/BB2EA101-D268-4CD4-94D6-D827CFC3C8D2_1_105_c-1.jpeg\" alt=\"\" class=\"wp-image-477 size-full\" srcset=\"https:\/\/bbinteriors.ch\/wp-content\/uploads\/2025\/05\/BB2EA101-D268-4CD4-94D6-D827CFC3C8D2_1_105_c-1.jpeg 1024w, https:\/\/bbinteriors.ch\/wp-content\/uploads\/2025\/05\/BB2EA101-D268-4CD4-94D6-D827CFC3C8D2_1_105_c-1-300x225.jpeg 300w, https:\/\/bbinteriors.ch\/wp-content\/uploads\/2025\/05\/BB2EA101-D268-4CD4-94D6-D827CFC3C8D2_1_105_c-1-768x576.jpeg 768w\" sizes=\"auto, (max-width: 1024px) 100vw, 1024px\" \/><\/figure><\/div>\n\n\n\n<figure class=\"wp-block-image\"><img loading=\"lazy\" decoding=\"async\" width=\"768\" height=\"1024\" src=\"https:\/\/bbinteriors.ch\/wp-content\/uploads\/2025\/07\/4CC36D53-A193-43A6-B700-D2E6AA0E1E13_1_105_c.jpeg\" alt=\"\" class=\"wp-image-863\" srcset=\"https:\/\/bbinteriors.ch\/wp-content\/uploads\/2025\/07\/4CC36D53-A193-43A6-B700-D2E6AA0E1E13_1_105_c.jpeg 768w, https:\/\/bbinteriors.ch\/wp-content\/uploads\/2025\/07\/4CC36D53-A193-43A6-B700-D2E6AA0E1E13_1_105_c-225x300.jpeg 225w\" sizes=\"auto, (max-width: 768px) 100vw, 768px\" \/><\/figure>\n\n\n\n<div class=\"wp-block-media-text alignwide has-media-on-the-right is-stacked-on-mobile is-style-default\"><div class=\"wp-block-media-text__content\">\n<p class=\"has-large-font-size\">L'ajout d'une chemin\u00e9e avec un meuble TV int\u00e9gr\u00e9 cr\u00e9e un point focal saisissant, tout en donnant \u00e0 la pi\u00e8ce une chaleur suppl\u00e9mentaire<\/p>\n<\/div><figure class=\"wp-block-media-text__media\"><img loading=\"lazy\" decoding=\"async\" width=\"1024\" height=\"768\" src=\"https:\/\/bbinteriors.ch\/wp-content\/uploads\/2025\/07\/BC417E33-700B-4916-9AA7-CACAD35EBDB3_1_105_c.jpeg\" alt=\"\" class=\"wp-image-862 size-full\" srcset=\"https:\/\/bbinteriors.ch\/wp-content\/uploads\/2025\/07\/BC417E33-700B-4916-9AA7-CACAD35EBDB3_1_105_c.jpeg 1024w, https:\/\/bbinteriors.ch\/wp-content\/uploads\/2025\/07\/BC417E33-700B-4916-9AA7-CACAD35EBDB3_1_105_c-300x225.jpeg 300w, https:\/\/bbinteriors.ch\/wp-content\/uploads\/2025\/07\/BC417E33-700B-4916-9AA7-CACAD35EBDB3_1_105_c-768x576.jpeg 768w\" sizes=\"auto, (max-width: 1024px) 100vw, 1024px\" \/><\/figure><\/div>\n\n\n\n<div class=\"wp-block-buttons is-content-justification-right is-layout-flex wp-container-core-buttons-is-layout-765c4724 wp-block-buttons-is-layout-flex\">\n<div class=\"wp-block-button is-style-outline is-style-outline--1\"><a class=\"wp-block-button__link has-quaternary-color has-secondary-background-color has-text-color has-background has-link-color has-large-font-size has-custom-font-size wp-element-button\" href=\"https:\/\/bbinteriors.ch\/fr\/portfolio\/swinging-sixties-3\/\">Suivante<\/a><\/div>\n<\/div>\n\n\n\n<p><\/p>","protected":false},"excerpt":{"rendered":"<p>Bronze &amp; Bourbon Given a blank canvas, our wonderful clients in Marylebone asked us to design a refined living room that would embody the richness and warmth of a classic cigar lounge. We used deep, warm tones combined with leather textures, metallic accents, and unique artwork to create a cosy, upscale, vintage feel. The addition [&hellip;]<\/p>\n","protected":false},"author":2,"featured_media":0,"parent":85,"menu_order":0,"comment_status":"closed","ping_status":"closed","template":"","meta":{"_coblocks_attr":"Faustina,Lora","_coblocks_dimensions":"","_coblocks_responsive_height":"","_coblocks_accordion_ie_support":"","hide_page_title":"enabled","footnotes":""},"class_list":["post-124","page","type-page","status-publish","hentry"],"aioseo_notices":[],"_links":{"self":[{"href":"https:\/\/bbinteriors.ch\/fr\/wp-json\/wp\/v2\/pages\/124","targetHints":{"allow":["GET"]}}],"collection":[{"href":"https:\/\/bbinteriors.ch\/fr\/wp-json\/wp\/v2\/pages"}],"about":[{"href":"https:\/\/bbinteriors.ch\/fr\/wp-json\/wp\/v2\/types\/page"}],"author":[{"embeddable":true,"href":"https:\/\/bbinteriors.ch\/fr\/wp-json\/wp\/v2\/users\/2"}],"replies":[{"embeddable":true,"href":"https:\/\/bbinteriors.ch\/fr\/wp-json\/wp\/v2\/comments?post=124"}],"version-history":[{"count":27,"href":"https:\/\/bbinteriors.ch\/fr\/wp-json\/wp\/v2\/pages\/124\/revisions"}],"predecessor-version":[{"id":1159,"href":"https:\/\/bbinteriors.ch\/fr\/wp-json\/wp\/v2\/pages\/124\/revisions\/1159"}],"up":[{"embeddable":true,"href":"https:\/\/bbinteriors.ch\/fr\/wp-json\/wp\/v2\/pages\/85"}],"wp:attachment":[{"href":"https:\/\/bbinteriors.ch\/fr\/wp-json\/wp\/v2\/media?parent=124"}],"curies":[{"name":"wp","href":"https:\/\/api.w.org\/{rel}","templated":true}]}}