{"id":122,"date":"2025-06-04T14:15:12","date_gmt":"2025-06-04T14:15:12","guid":{"rendered":"http:\/\/bbinteriors.ch\/?page_id=122"},"modified":"2025-11-03T14:15:01","modified_gmt":"2025-11-03T14:15:01","slug":"swinging-sixties-3","status":"publish","type":"page","link":"https:\/\/bbinteriors.ch\/fr\/portfolio\/swinging-sixties-3\/","title":{"rendered":"Teenage Hangout"},"content":{"rendered":"<h1 class=\"wp-block-heading has-text-align-center has-lora-font-family has-custom-font\" style=\"font-family:Lora\">Swinging Sixties<\/h1>\n\n\n\n<div class=\"wp-block-media-text alignwide is-stacked-on-mobile\"><figure class=\"wp-block-media-text__media\"><img loading=\"lazy\" decoding=\"async\" width=\"768\" height=\"1024\" src=\"https:\/\/bbinteriors.ch\/wp-content\/uploads\/2025\/06\/B298C71B-07FC-4106-945C-E021785C08B9_1_105_c.jpeg\" alt=\"\" class=\"wp-image-634 size-full\" srcset=\"https:\/\/bbinteriors.ch\/wp-content\/uploads\/2025\/06\/B298C71B-07FC-4106-945C-E021785C08B9_1_105_c.jpeg 768w, https:\/\/bbinteriors.ch\/wp-content\/uploads\/2025\/06\/B298C71B-07FC-4106-945C-E021785C08B9_1_105_c-225x300.jpeg 225w\" sizes=\"auto, (max-width: 768px) 100vw, 768px\" \/><\/figure><div class=\"wp-block-media-text__content\">\n<p class=\"has-large-font-size\">Une autre pi\u00e8ce spacieuse \u00e0 r\u00e9am\u00e9nager dans l'appartement de Marylebone. Les clients nous ont demand\u00e9 d'am\u00e9nager un coin d\u00e9tente pour les adolescents, ainsi qu'un lit d'appoint. Grands m\u00e9lomanes, nous avons opt\u00e9 pour un th\u00e8me Beatles\u00a0!<\/p>\n<\/div><\/div>\n\n\n\n<div class=\"wp-block-media-text alignwide has-media-on-the-right is-stacked-on-mobile\"><div class=\"wp-block-media-text__content\">\n<p class=\"has-large-font-size\">Le flipper des Beatles a inspir\u00e9 la palette de couleurs. Nous avons choisi un mur d'accent jaune-rose comme toile de fond pour l'affiche originale du concert et le tirage des Fab Four.<\/p>\n<\/div><figure class=\"wp-block-media-text__media\"><img loading=\"lazy\" decoding=\"async\" width=\"1024\" height=\"768\" src=\"http:\/\/bbinteriors.ch\/wp-content\/uploads\/2025\/03\/3D5822E8-36D4-4A38-BAAD-ACEE8FD5E92C_1_105_c.jpeg\" alt=\"Swinging Sixties\" class=\"wp-image-210 size-full\" srcset=\"https:\/\/bbinteriors.ch\/wp-content\/uploads\/2025\/03\/3D5822E8-36D4-4A38-BAAD-ACEE8FD5E92C_1_105_c.jpeg 1024w, https:\/\/bbinteriors.ch\/wp-content\/uploads\/2025\/03\/3D5822E8-36D4-4A38-BAAD-ACEE8FD5E92C_1_105_c-300x225.jpeg 300w, https:\/\/bbinteriors.ch\/wp-content\/uploads\/2025\/03\/3D5822E8-36D4-4A38-BAAD-ACEE8FD5E92C_1_105_c-768x576.jpeg 768w\" sizes=\"auto, (max-width: 1024px) 100vw, 1024px\" \/><\/figure><\/div>\n\n\n\n<div class=\"wp-block-media-text alignwide is-stacked-on-mobile\"><figure class=\"wp-block-media-text__media\"><img loading=\"lazy\" decoding=\"async\" width=\"1024\" height=\"768\" src=\"http:\/\/bbinteriors.ch\/wp-content\/uploads\/2025\/06\/EDFA3F0B-2F2E-4284-A936-16F8FE40679F_1_105_c.jpeg\" alt=\"\" class=\"wp-image-633 size-full\" srcset=\"https:\/\/bbinteriors.ch\/wp-content\/uploads\/2025\/06\/EDFA3F0B-2F2E-4284-A936-16F8FE40679F_1_105_c.jpeg 1024w, https:\/\/bbinteriors.ch\/wp-content\/uploads\/2025\/06\/EDFA3F0B-2F2E-4284-A936-16F8FE40679F_1_105_c-300x225.jpeg 300w, https:\/\/bbinteriors.ch\/wp-content\/uploads\/2025\/06\/EDFA3F0B-2F2E-4284-A936-16F8FE40679F_1_105_c-768x576.jpeg 768w\" sizes=\"auto, (max-width: 1024px) 100vw, 1024px\" \/><\/figure><div class=\"wp-block-media-text__content\">\n<p class=\"has-large-font-size\">Pour \u00e9quilibrer le mur lumineux du bureau, nous avons opt\u00e9 pour un gris chaud qui conf\u00e8re une atmosph\u00e8re plus apaisante \u00e0 l'espace nuit. La couleur moutarde se retrouve en accent sur la t\u00eate de lit et les coussins rembourr\u00e9s, tandis que les murs sont d\u00e9cor\u00e9s d'imprim\u00e9s noir et blanc, faisant \u00e9cho \u00e0 la palette de couleurs de l'autre c\u00f4t\u00e9 de la pi\u00e8ce.<\/p>\n<\/div><\/div>\n\n\n\n<p><\/p>","protected":false},"excerpt":{"rendered":"<p>Swinging Sixties Another spacious room to redesign in the Marylebone apartment. Here, the clients asked us to create a den for the teenagers, along with an additional guest bed. Huge music fans, we decided on a Beatles theme! The Beatles pinball machine was the inspiration for the colour scheme. We chose a feature wall in [&hellip;]<\/p>\n","protected":false},"author":2,"featured_media":0,"parent":85,"menu_order":0,"comment_status":"closed","ping_status":"closed","template":"","meta":{"_coblocks_attr":"Faustina,Lora","_coblocks_dimensions":"","_coblocks_responsive_height":"","_coblocks_accordion_ie_support":"","hide_page_title":"enabled","footnotes":""},"class_list":["post-122","page","type-page","status-publish","hentry"],"aioseo_notices":[],"_links":{"self":[{"href":"https:\/\/bbinteriors.ch\/fr\/wp-json\/wp\/v2\/pages\/122","targetHints":{"allow":["GET"]}}],"collection":[{"href":"https:\/\/bbinteriors.ch\/fr\/wp-json\/wp\/v2\/pages"}],"about":[{"href":"https:\/\/bbinteriors.ch\/fr\/wp-json\/wp\/v2\/types\/page"}],"author":[{"embeddable":true,"href":"https:\/\/bbinteriors.ch\/fr\/wp-json\/wp\/v2\/users\/2"}],"replies":[{"embeddable":true,"href":"https:\/\/bbinteriors.ch\/fr\/wp-json\/wp\/v2\/comments?post=122"}],"version-history":[{"count":23,"href":"https:\/\/bbinteriors.ch\/fr\/wp-json\/wp\/v2\/pages\/122\/revisions"}],"predecessor-version":[{"id":1166,"href":"https:\/\/bbinteriors.ch\/fr\/wp-json\/wp\/v2\/pages\/122\/revisions\/1166"}],"up":[{"embeddable":true,"href":"https:\/\/bbinteriors.ch\/fr\/wp-json\/wp\/v2\/pages\/85"}],"wp:attachment":[{"href":"https:\/\/bbinteriors.ch\/fr\/wp-json\/wp\/v2\/media?parent=122"}],"curies":[{"name":"wp","href":"https:\/\/api.w.org\/{rel}","templated":true}]}}