{"id":120,"date":"2025-06-19T16:19:50","date_gmt":"2025-06-19T16:19:50","guid":{"rendered":"http:\/\/bbinteriors.ch\/?page_id=120"},"modified":"2025-11-03T12:27:38","modified_gmt":"2025-11-03T12:27:38","slug":"rustic-opulence-3","status":"publish","type":"page","link":"https:\/\/bbinteriors.ch\/fr\/portfolio\/rustic-opulence-3\/","title":{"rendered":"Opulent Dining Room"},"content":{"rendered":"<h1 class=\"wp-block-heading has-text-align-center has-lora-font-family has-custom-font\" style=\"font-family:Lora\">Rustic Opulence<\/h1>\n\n\n\n<div class=\"wp-block-media-text alignwide is-stacked-on-mobile\"><figure class=\"wp-block-media-text__media\"><img loading=\"lazy\" decoding=\"async\" width=\"768\" height=\"1024\" src=\"https:\/\/bbinteriors.ch\/wp-content\/uploads\/2025\/07\/62E2F185-64DF-4502-892D-3B88A08C57E8_1_105_c.jpeg\" alt=\"\" class=\"wp-image-813 size-full\" srcset=\"https:\/\/bbinteriors.ch\/wp-content\/uploads\/2025\/07\/62E2F185-64DF-4502-892D-3B88A08C57E8_1_105_c.jpeg 768w, https:\/\/bbinteriors.ch\/wp-content\/uploads\/2025\/07\/62E2F185-64DF-4502-892D-3B88A08C57E8_1_105_c-225x300.jpeg 225w\" sizes=\"auto, (max-width: 768px) 100vw, 768px\" \/><\/figure><div class=\"wp-block-media-text__content\">\n<p class=\"has-large-font-size\" style=\"padding-top:var(--wp--preset--spacing--80)\">Dans le cadre du projet Marylebone, nos clients nous ont demand\u00e9 de cr\u00e9er un espace de restauration diff\u00e9rent.<\/p>\n\n\n\n<p class=\"has-large-font-size\"><\/p>\n\n\n\n<p class=\"has-large-font-size\">La cuisine\/salle \u00e0 manger \u00e9tait situ\u00e9e au sous-sol du b\u00e2timent et, bien que bien \u00e9clair\u00e9e, elle ne b\u00e9n\u00e9ficiait pas d'une abondance de lumi\u00e8re naturelle.<\/p>\n\n\n\n<p><\/p>\n\n\n\n<p><\/p>\n\n\n\n<p><\/p>\n\n\n\n<p><\/p>\n\n\n\n<p><\/p>\n\n\n\n<p><\/p>\n\n\n\n<p><\/p>\n\n\n\n<p><\/p>\n\n\n\n<p><\/p>\n\n\n\n<p><\/p>\n\n\n\n<p><\/p>\n\n\n\n<p><\/p>\n\n\n\n<p><\/p>\n\n\n\n<p><\/p>\n\n\n\n<p><\/p>\n\n\n\n<p><\/p>\n\n\n\n<p><\/p>\n\n\n\n<p><\/p>\n\n\n\n<p><\/p>\n\n\n\n<p><\/p>\n\n\n\n<p><\/p>\n\n\n\n<p><\/p>\n\n\n\n<p><\/p>\n\n\n\n<p><\/p>\n\n\n\n<p><\/p>\n\n\n\n<p><\/p>\n\n\n\n<p><\/p>\n\n\n\n<p><\/p>\n\n\n\n<p><\/p>\n\n\n\n<p><\/p>\n\n\n\n<p><\/p>\n<\/div><\/div>\n\n\n\n<div class=\"wp-block-media-text alignwide has-media-on-the-right is-stacked-on-mobile is-image-fill-element\"><div class=\"wp-block-media-text__content\">\n<p class=\"has-large-font-size\" style=\"padding-left:var(--wp--preset--spacing--40)\">Nous avons optimis\u00e9 l'emplacement de l'espace pour cr\u00e9er une salle \u00e0 manger chaleureuse et pleine de caract\u00e8re, dans un bleu profond et sombre. Le client souhaitait une ambiance \u00e0 la fois rustique et raffin\u00e9e. Nous avons donc opt\u00e9 pour une table en bois organique, juxtapos\u00e9e \u00e0 des chaises en velours bleu \u00e0 motifs, cr\u00e9ant une ambiance \u00e9l\u00e9gante et ludique. L'\u0153uvre d'art apporte une touche de modernit\u00e9 avec son interpr\u00e9tation irr\u00e9v\u00e9rencieuse du portrait classique. Le grand miroir, r\u00e9alis\u00e9 \u00e0 partir d'un carreau ancien, agrandit visuellement la pi\u00e8ce et renforce l'ambiance vintage.<\/p>\n\n\n\n<p><\/p>\n\n\n\n<p><\/p>\n\n\n\n<p><\/p>\n\n\n\n<p><\/p>\n\n\n\n<div class=\"wp-block-columns is-layout-flex wp-container-core-columns-is-layout-9d6595d7 wp-block-columns-is-layout-flex\">\n<div class=\"wp-block-column is-layout-flow wp-block-column-is-layout-flow\"><\/div>\n\n\n\n<div class=\"wp-block-column is-layout-flow wp-block-column-is-layout-flow\"><\/div>\n\n\n\n<div class=\"wp-block-column is-layout-flow wp-block-column-is-layout-flow\"><\/div>\n<\/div>\n<\/div><figure class=\"wp-block-media-text__media\"><img loading=\"lazy\" decoding=\"async\" width=\"1024\" height=\"768\" src=\"http:\/\/bbinteriors.ch\/wp-content\/uploads\/2025\/03\/82AA55B6-68E2-471E-BA66-05A6F773C2D5_1_105_c.jpeg\" alt=\"Rustic Opulence\" class=\"wp-image-220 size-full\" style=\"object-position:50% 50%\" srcset=\"https:\/\/bbinteriors.ch\/wp-content\/uploads\/2025\/03\/82AA55B6-68E2-471E-BA66-05A6F773C2D5_1_105_c.jpeg 1024w, https:\/\/bbinteriors.ch\/wp-content\/uploads\/2025\/03\/82AA55B6-68E2-471E-BA66-05A6F773C2D5_1_105_c-300x225.jpeg 300w, https:\/\/bbinteriors.ch\/wp-content\/uploads\/2025\/03\/82AA55B6-68E2-471E-BA66-05A6F773C2D5_1_105_c-768x576.jpeg 768w\" sizes=\"auto, (max-width: 1024px) 100vw, 1024px\" \/><\/figure><\/div>\n\n\n\n<div class=\"wp-block-media-text alignwide is-stacked-on-mobile\"><figure class=\"wp-block-media-text__media\"><img loading=\"lazy\" decoding=\"async\" width=\"1024\" height=\"684\" src=\"https:\/\/bbinteriors.ch\/wp-content\/uploads\/2025\/07\/london-kitchen-1024x684.jpg\" alt=\"\" class=\"wp-image-817 size-full\" srcset=\"https:\/\/bbinteriors.ch\/wp-content\/uploads\/2025\/07\/london-kitchen-1024x684.jpg 1024w, https:\/\/bbinteriors.ch\/wp-content\/uploads\/2025\/07\/london-kitchen-300x200.jpg 300w, https:\/\/bbinteriors.ch\/wp-content\/uploads\/2025\/07\/london-kitchen-768x513.jpg 768w, https:\/\/bbinteriors.ch\/wp-content\/uploads\/2025\/07\/london-kitchen.jpg 1339w\" sizes=\"auto, (max-width: 1024px) 100vw, 1024px\" \/><\/figure><div class=\"wp-block-media-text__content\">\n<p class=\"has-large-font-size\">Nous avons install\u00e9 un miroir ancien au fond de la biblioth\u00e8que pour refl\u00e9ter la lumi\u00e8re et donner plus de profondeur \u00e0 la pi\u00e8ce. Les \u00e9tag\u00e8res ont \u00e9t\u00e9 peintes du m\u00eame noir mat que la porte d'entr\u00e9e et des plantes artificielles ont \u00e9t\u00e9 dispos\u00e9es un peu partout pour dynamiser l'espace.<\/p>\n<\/div><\/div>\n\n\n\n<div class=\"wp-block-media-text alignwide has-media-on-the-right is-stacked-on-mobile\"><div class=\"wp-block-media-text__content\">\n<p class=\"has-large-font-size\" style=\"padding-left:var(--wp--preset--spacing--40)\">Pour compl\u00e9ter l\u2019espace, une enseigne au n\u00e9on ludique a \u00e9t\u00e9 ajout\u00e9e, capturant l\u2019esprit dynamique et amusant des clients.<\/p>\n<\/div><figure class=\"wp-block-media-text__media\"><img loading=\"lazy\" decoding=\"async\" width=\"768\" height=\"625\" src=\"https:\/\/bbinteriors.ch\/wp-content\/uploads\/2025\/07\/1F11BA10-D032-456F-8D22-251F4B0E141D_1_201_a.jpeg\" alt=\"\" class=\"wp-image-816 size-full\" srcset=\"https:\/\/bbinteriors.ch\/wp-content\/uploads\/2025\/07\/1F11BA10-D032-456F-8D22-251F4B0E141D_1_201_a.jpeg 768w, https:\/\/bbinteriors.ch\/wp-content\/uploads\/2025\/07\/1F11BA10-D032-456F-8D22-251F4B0E141D_1_201_a-300x244.jpeg 300w\" sizes=\"auto, (max-width: 768px) 100vw, 768px\" \/><\/figure><\/div>\n\n\n\n<div class=\"wp-block-buttons is-content-justification-right is-layout-flex wp-container-core-buttons-is-layout-765c4724 wp-block-buttons-is-layout-flex\">\n<div class=\"wp-block-button is-style-outline is-style-outline--1\"><a class=\"wp-block-button__link has-quaternary-color has-secondary-background-color has-text-color has-background has-link-color has-large-font-size has-custom-font-size wp-element-button\" href=\"https:\/\/bbinteriors.ch\/fr\/portfolio\/bronze-bourbon\/\">Suivante<\/a><\/div>\n<\/div>\n\n\n\n<p><\/p>","protected":false},"excerpt":{"rendered":"<p>Rustic Opulence Part of the Marylebone project, our clients asked us to create a dining space with a difference. The kitchen\/diner was located in the basement of the building and although well lit, did not have an abundance of natural light. We introduced antique mirrored glass at the back of the bookcase to reflect the [&hellip;]<\/p>\n","protected":false},"author":2,"featured_media":0,"parent":85,"menu_order":0,"comment_status":"closed","ping_status":"closed","template":"","meta":{"_coblocks_attr":"Faustina,Lora","_coblocks_dimensions":"","_coblocks_responsive_height":"","_coblocks_accordion_ie_support":"","hide_page_title":"enabled","footnotes":""},"class_list":["post-120","page","type-page","status-publish","hentry"],"aioseo_notices":[],"_links":{"self":[{"href":"https:\/\/bbinteriors.ch\/fr\/wp-json\/wp\/v2\/pages\/120","targetHints":{"allow":["GET"]}}],"collection":[{"href":"https:\/\/bbinteriors.ch\/fr\/wp-json\/wp\/v2\/pages"}],"about":[{"href":"https:\/\/bbinteriors.ch\/fr\/wp-json\/wp\/v2\/types\/page"}],"author":[{"embeddable":true,"href":"https:\/\/bbinteriors.ch\/fr\/wp-json\/wp\/v2\/users\/2"}],"replies":[{"embeddable":true,"href":"https:\/\/bbinteriors.ch\/fr\/wp-json\/wp\/v2\/comments?post=120"}],"version-history":[{"count":26,"href":"https:\/\/bbinteriors.ch\/fr\/wp-json\/wp\/v2\/pages\/120\/revisions"}],"predecessor-version":[{"id":1163,"href":"https:\/\/bbinteriors.ch\/fr\/wp-json\/wp\/v2\/pages\/120\/revisions\/1163"}],"up":[{"embeddable":true,"href":"https:\/\/bbinteriors.ch\/fr\/wp-json\/wp\/v2\/pages\/85"}],"wp:attachment":[{"href":"https:\/\/bbinteriors.ch\/fr\/wp-json\/wp\/v2\/media?parent=120"}],"curies":[{"name":"wp","href":"https:\/\/api.w.org\/{rel}","templated":true}]}}