{"id":118,"date":"2025-06-19T16:04:11","date_gmt":"2025-06-19T16:04:11","guid":{"rendered":"http:\/\/bbinteriors.ch\/?page_id=118"},"modified":"2025-11-11T16:55:46","modified_gmt":"2025-11-11T16:55:46","slug":"emerald-lounge","status":"publish","type":"page","link":"https:\/\/bbinteriors.ch\/fr\/portfolio\/emerald-lounge\/","title":{"rendered":"Salle de Jeux"},"content":{"rendered":"<h1 class=\"wp-block-heading has-text-align-center has-lora-font-family has-custom-font\" style=\"font-family:Lora\">Emerald Lounge<\/h1>\n\n\n\n<div class=\"wp-block-media-text alignwide is-stacked-on-mobile\" style=\"padding-top:0px;padding-right:0px;padding-bottom:0px;padding-left:0px\"><figure class=\"wp-block-media-text__media\"><img loading=\"lazy\" decoding=\"async\" width=\"1024\" height=\"768\" src=\"https:\/\/bbinteriors.ch\/wp-content\/uploads\/2025\/05\/5CC391A9-F81B-4B30-B44F-7DA59462D174_1_105_c-fotor-20250527143333-1024x768.png\" alt=\"\" class=\"wp-image-484 size-full\" srcset=\"https:\/\/bbinteriors.ch\/wp-content\/uploads\/2025\/05\/5CC391A9-F81B-4B30-B44F-7DA59462D174_1_105_c-fotor-20250527143333-1024x768.png 1024w, https:\/\/bbinteriors.ch\/wp-content\/uploads\/2025\/05\/5CC391A9-F81B-4B30-B44F-7DA59462D174_1_105_c-fotor-20250527143333-300x225.png 300w, https:\/\/bbinteriors.ch\/wp-content\/uploads\/2025\/05\/5CC391A9-F81B-4B30-B44F-7DA59462D174_1_105_c-fotor-20250527143333-768x576.png 768w, https:\/\/bbinteriors.ch\/wp-content\/uploads\/2025\/05\/5CC391A9-F81B-4B30-B44F-7DA59462D174_1_105_c-fotor-20250527143333-1536x1152.png 1536w, https:\/\/bbinteriors.ch\/wp-content\/uploads\/2025\/05\/5CC391A9-F81B-4B30-B44F-7DA59462D174_1_105_c-fotor-20250527143333.png 2048w\" sizes=\"auto, (max-width: 1024px) 100vw, 1024px\" \/><\/figure><div class=\"wp-block-media-text__content\">\n<p class=\"has-large-font-size\">Pour ce projet, on nous a demand\u00e9 de transformer une pi\u00e8ce vide du sous-sol en salle de jeux pour adultes.<\/p>\n<\/div><\/div>\n\n\n\n<div class=\"wp-block-media-text alignwide has-media-on-the-right is-stacked-on-mobile\" style=\"padding-top:0px;padding-right:0;padding-bottom:0px;padding-left:0px\"><div class=\"wp-block-media-text__content\">\n<p class=\"has-large-font-size\" style=\"padding-right:var(--wp--preset--spacing--60);padding-left:var(--wp--preset--spacing--60)\">Les clients recherchaient un espace de divertissement multifonctionnel, \u00e9l\u00e9gant et de caract\u00e8re. Nous y sommes parvenus gr\u00e2ce \u00e0 une combinaison \u00e0 la fois efficace et audacieuse de rev\u00eatements muraux, de velours moelleux et d'un \u00e9clairage chaleureux et fonctionnel.<\/p>\n<\/div><figure class=\"wp-block-media-text__media\"><img loading=\"lazy\" decoding=\"async\" width=\"1024\" height=\"774\" src=\"https:\/\/bbinteriors.ch\/wp-content\/uploads\/2025\/05\/D8A64746-7A0A-4BE5-9F7B-B8B0E9CF4E73_1_105_c-fotor-20250527143836-1024x774.png\" alt=\"\" class=\"wp-image-485 size-full\" srcset=\"https:\/\/bbinteriors.ch\/wp-content\/uploads\/2025\/05\/D8A64746-7A0A-4BE5-9F7B-B8B0E9CF4E73_1_105_c-fotor-20250527143836-1024x774.png 1024w, https:\/\/bbinteriors.ch\/wp-content\/uploads\/2025\/05\/D8A64746-7A0A-4BE5-9F7B-B8B0E9CF4E73_1_105_c-fotor-20250527143836-300x227.png 300w, https:\/\/bbinteriors.ch\/wp-content\/uploads\/2025\/05\/D8A64746-7A0A-4BE5-9F7B-B8B0E9CF4E73_1_105_c-fotor-20250527143836-768x581.png 768w, https:\/\/bbinteriors.ch\/wp-content\/uploads\/2025\/05\/D8A64746-7A0A-4BE5-9F7B-B8B0E9CF4E73_1_105_c-fotor-20250527143836-1536x1161.png 1536w, https:\/\/bbinteriors.ch\/wp-content\/uploads\/2025\/05\/D8A64746-7A0A-4BE5-9F7B-B8B0E9CF4E73_1_105_c-fotor-20250527143836.png 2032w\" sizes=\"auto, (max-width: 1024px) 100vw, 1024px\" \/><\/figure><\/div>\n\n\n\n<div class=\"wp-block-media-text alignwide is-stacked-on-mobile\" style=\"padding-top:0px;padding-right:0px;padding-bottom:0px;padding-left:0px\"><figure class=\"wp-block-media-text__media\"><img loading=\"lazy\" decoding=\"async\" width=\"793\" height=\"990\" src=\"https:\/\/bbinteriors.ch\/wp-content\/uploads\/2025\/05\/E0881858-77BC-458F-A824-501172C1FB1E_1_105_c.jpeg\" alt=\"\" class=\"wp-image-491 size-full\" srcset=\"https:\/\/bbinteriors.ch\/wp-content\/uploads\/2025\/05\/E0881858-77BC-458F-A824-501172C1FB1E_1_105_c.jpeg 793w, https:\/\/bbinteriors.ch\/wp-content\/uploads\/2025\/05\/E0881858-77BC-458F-A824-501172C1FB1E_1_105_c-240x300.jpeg 240w, https:\/\/bbinteriors.ch\/wp-content\/uploads\/2025\/05\/E0881858-77BC-458F-A824-501172C1FB1E_1_105_c-768x959.jpeg 768w\" sizes=\"auto, (max-width: 793px) 100vw, 793px\" \/><\/figure><div class=\"wp-block-media-text__content\">\n<p class=\"has-large-font-size\">En utilisant une palette de couleurs riche, nous avons cr\u00e9\u00e9 une atmosph\u00e8re sophistiqu\u00e9e, tout en conservant la personnalit\u00e9 fantaisiste de cet espace rempli de plaisir.<\/p>\n<\/div><\/div>\n\n\n\n<div class=\"wp-block-media-text alignwide has-media-on-the-right is-stacked-on-mobile\" style=\"padding-top:0px;padding-right:0px;padding-bottom:0px;padding-left:0px\"><div class=\"wp-block-media-text__content\">\n<p class=\"has-large-font-size\" style=\"padding-right:var(--wp--preset--spacing--60);padding-left:var(--wp--preset--spacing--60)\">\u00c0 l\u2019aide de bouchons r\u00e9cup\u00e9r\u00e9s aupr\u00e8s d\u2019amis et de membres de la famille, nous avons construit un mur de fl\u00e9chettes surdimensionn\u00e9, \u00e0 la fois significatif et pratique.<\/p>\n<\/div><figure class=\"wp-block-media-text__media\"><img loading=\"lazy\" decoding=\"async\" width=\"768\" height=\"1024\" src=\"https:\/\/bbinteriors.ch\/wp-content\/uploads\/2025\/05\/78D31FC7-E6C1-46A1-BDD4-6371EF970DEA_1_105_c.jpeg\" alt=\"\" class=\"wp-image-493 size-full\" srcset=\"https:\/\/bbinteriors.ch\/wp-content\/uploads\/2025\/05\/78D31FC7-E6C1-46A1-BDD4-6371EF970DEA_1_105_c.jpeg 768w, https:\/\/bbinteriors.ch\/wp-content\/uploads\/2025\/05\/78D31FC7-E6C1-46A1-BDD4-6371EF970DEA_1_105_c-225x300.jpeg 225w\" sizes=\"auto, (max-width: 768px) 100vw, 768px\" \/><\/figure><\/div>\n\n\n\n<div class=\"wp-block-media-text alignwide is-stacked-on-mobile\" style=\"padding-top:0px;padding-right:0px;padding-bottom:0px;padding-left:0px\"><figure class=\"wp-block-media-text__media\"><img loading=\"lazy\" decoding=\"async\" width=\"1024\" height=\"810\" src=\"http:\/\/bbinteriors.ch\/wp-content\/uploads\/2025\/05\/CF5CEB6B-4A49-4B33-AB29-08630FA55BB8_1_201_a-1024x810.jpeg\" alt=\"\" class=\"wp-image-490 size-full\" srcset=\"https:\/\/bbinteriors.ch\/wp-content\/uploads\/2025\/05\/CF5CEB6B-4A49-4B33-AB29-08630FA55BB8_1_201_a-1024x810.jpeg 1024w, https:\/\/bbinteriors.ch\/wp-content\/uploads\/2025\/05\/CF5CEB6B-4A49-4B33-AB29-08630FA55BB8_1_201_a-300x237.jpeg 300w, https:\/\/bbinteriors.ch\/wp-content\/uploads\/2025\/05\/CF5CEB6B-4A49-4B33-AB29-08630FA55BB8_1_201_a-768x607.jpeg 768w, https:\/\/bbinteriors.ch\/wp-content\/uploads\/2025\/05\/CF5CEB6B-4A49-4B33-AB29-08630FA55BB8_1_201_a.jpeg 1452w\" sizes=\"auto, (max-width: 1024px) 100vw, 1024px\" \/><\/figure><div class=\"wp-block-media-text__content\">\n<p class=\"has-large-font-size\">L'espace bar personnalis\u00e9, avec r\u00e9frig\u00e9rateur int\u00e9gr\u00e9 et espace de rangement en verre, est fini en noir mat avec un comptoir fabriqu\u00e9 \u00e0 partir de pi\u00e8ces de monnaie du monde entier.<\/p>\n<\/div><\/div>\n\n\n\n<figure class=\"wp-block-image size-full\"><img loading=\"lazy\" decoding=\"async\" width=\"768\" height=\"1024\" src=\"http:\/\/bbinteriors.ch\/wp-content\/uploads\/2025\/05\/58CCE1BE-8F7F-4DE4-A64D-AE53254DBB92_1_105_c.jpeg\" alt=\"Emerald Lounge\" class=\"wp-image-494\" srcset=\"https:\/\/bbinteriors.ch\/wp-content\/uploads\/2025\/05\/58CCE1BE-8F7F-4DE4-A64D-AE53254DBB92_1_105_c.jpeg 768w, https:\/\/bbinteriors.ch\/wp-content\/uploads\/2025\/05\/58CCE1BE-8F7F-4DE4-A64D-AE53254DBB92_1_105_c-225x300.jpeg 225w\" sizes=\"auto, (max-width: 768px) 100vw, 768px\" \/><\/figure>\n\n\n\n<div class=\"wp-block-media-text alignwide has-media-on-the-right is-stacked-on-mobile\"><div class=\"wp-block-media-text__content\">\n<p class=\"has-large-font-size\" style=\"padding-right:var(--wp--preset--spacing--60);padding-left:var(--wp--preset--spacing--30)\">Les miroirs ajoutent de la profondeur et de la lumi\u00e8re, tout en brisant le motif du papier peint.<\/p>\n<\/div><figure class=\"wp-block-media-text__media\"><img loading=\"lazy\" decoding=\"async\" width=\"768\" height=\"1024\" src=\"http:\/\/bbinteriors.ch\/wp-content\/uploads\/2025\/05\/IMG_9215-768x1024.png\" alt=\"Emerald Lounge\" class=\"wp-image-502 size-full\" srcset=\"https:\/\/bbinteriors.ch\/wp-content\/uploads\/2025\/05\/IMG_9215-768x1024.png 768w, https:\/\/bbinteriors.ch\/wp-content\/uploads\/2025\/05\/IMG_9215-225x300.png 225w, https:\/\/bbinteriors.ch\/wp-content\/uploads\/2025\/05\/IMG_9215-1152x1536.png 1152w, https:\/\/bbinteriors.ch\/wp-content\/uploads\/2025\/05\/IMG_9215-1536x2048.png 1536w, https:\/\/bbinteriors.ch\/wp-content\/uploads\/2025\/05\/IMG_9215-scaled.png 1920w\" sizes=\"auto, (max-width: 768px) 100vw, 768px\" \/><\/figure><\/div>\n\n\n\n<div class=\"wp-block-buttons is-content-justification-right is-layout-flex wp-container-core-buttons-is-layout-765c4724 wp-block-buttons-is-layout-flex\">\n<div class=\"wp-block-button is-style-outline is-style-outline--1\"><a class=\"wp-block-button__link has-quaternary-color has-secondary-background-color has-text-color has-background has-link-color has-large-font-size has-custom-font-size wp-element-button\" href=\"https:\/\/bbinteriors.ch\/fr\/portfolio\/lakeside-luxury-2\/\">Suivante<\/a><\/div>\n<\/div>\n\n\n\n<p><\/p>","protected":false},"excerpt":{"rendered":"<p>Emerald Lounge For this project, we were asked to transform an empty basement room into a games room for grown-up&#8217;s. The clients were looking for a multifunctional entertainment area with style and character. We achieved this using an effective but daring combination of wallcoverings, plush velvets and warm, functional lighting. Using a rich colour palette [&hellip;]<\/p>\n","protected":false},"author":2,"featured_media":0,"parent":85,"menu_order":0,"comment_status":"closed","ping_status":"closed","template":"","meta":{"_coblocks_attr":"Faustina,Faustina,Lora","_coblocks_dimensions":"","_coblocks_responsive_height":"","_coblocks_accordion_ie_support":"","hide_page_title":"enabled","footnotes":""},"class_list":["post-118","page","type-page","status-publish","hentry"],"aioseo_notices":[],"_links":{"self":[{"href":"https:\/\/bbinteriors.ch\/fr\/wp-json\/wp\/v2\/pages\/118","targetHints":{"allow":["GET"]}}],"collection":[{"href":"https:\/\/bbinteriors.ch\/fr\/wp-json\/wp\/v2\/pages"}],"about":[{"href":"https:\/\/bbinteriors.ch\/fr\/wp-json\/wp\/v2\/types\/page"}],"author":[{"embeddable":true,"href":"https:\/\/bbinteriors.ch\/fr\/wp-json\/wp\/v2\/users\/2"}],"replies":[{"embeddable":true,"href":"https:\/\/bbinteriors.ch\/fr\/wp-json\/wp\/v2\/comments?post=118"}],"version-history":[{"count":41,"href":"https:\/\/bbinteriors.ch\/fr\/wp-json\/wp\/v2\/pages\/118\/revisions"}],"predecessor-version":[{"id":1249,"href":"https:\/\/bbinteriors.ch\/fr\/wp-json\/wp\/v2\/pages\/118\/revisions\/1249"}],"up":[{"embeddable":true,"href":"https:\/\/bbinteriors.ch\/fr\/wp-json\/wp\/v2\/pages\/85"}],"wp:attachment":[{"href":"https:\/\/bbinteriors.ch\/fr\/wp-json\/wp\/v2\/media?parent=118"}],"curies":[{"name":"wp","href":"https:\/\/api.w.org\/{rel}","templated":true}]}}