{"id":116,"date":"2025-05-02T14:12:01","date_gmt":"2025-05-02T14:12:01","guid":{"rendered":"http:\/\/bbinteriors.ch\/?page_id=116"},"modified":"2025-11-03T14:19:41","modified_gmt":"2025-11-03T14:19:41","slug":"golden-gatsby","status":"publish","type":"page","link":"https:\/\/bbinteriors.ch\/fr\/portfolio\/golden-gatsby\/","title":{"rendered":"Elegant Master Suite"},"content":{"rendered":"<h1 class=\"wp-block-heading has-text-align-center has-lora-font-family has-custom-font\" style=\"font-family:Lora\">Golden Gatsby<\/h1>\n\n\n\n<div class=\"wp-block-media-text alignwide is-stacked-on-mobile has-secondary-color has-text-color has-link-color wp-elements-cb27cc7723490787ccbe24f67d63fff3\" style=\"padding-top:0px;padding-right:0px;padding-bottom:0px;padding-left:0px\"><figure class=\"wp-block-media-text__media\"><img loading=\"lazy\" decoding=\"async\" width=\"768\" height=\"1024\" src=\"http:\/\/bbinteriors.ch\/wp-content\/uploads\/2025\/03\/896F8F9B-1751-4B27-AA59-DFE0E486CCB5_1_105_c.jpeg\" alt=\"Golden Gatsby\" class=\"wp-image-198 size-full\" srcset=\"https:\/\/bbinteriors.ch\/wp-content\/uploads\/2025\/03\/896F8F9B-1751-4B27-AA59-DFE0E486CCB5_1_105_c.jpeg 768w, https:\/\/bbinteriors.ch\/wp-content\/uploads\/2025\/03\/896F8F9B-1751-4B27-AA59-DFE0E486CCB5_1_105_c-225x300.jpeg 225w\" sizes=\"auto, (max-width: 768px) 100vw, 768px\" \/><\/figure><div class=\"wp-block-media-text__content\">\n<p class=\"has-large-font-size\">Inspir\u00e9e du glamour des ann\u00e9es 1920, cette chambre avec salle de bains privative allie des couleurs vives \u00e0 des d\u00e9tails luxueux pour un espace saisissant et sophistiqu\u00e9.<\/p>\n<\/div><\/div>\n\n\n\n<div class=\"wp-block-media-text alignwide has-media-on-the-right is-stacked-on-mobile\" style=\"grid-template-columns:auto 49%\"><div class=\"wp-block-media-text__content\">\n<p><\/p>\n\n\n\n<p class=\"has-large-font-size\">Des tons bleu marine profonds, des touches moutarde audacieuses et un mur d'accent saisissant cr\u00e9ent un espace \u00e0 la fois \u00e9l\u00e9gant et dynamique. Des pi\u00e8ces vintage, comme le lustre et la chemin\u00e9e, c\u00f4toient harmonieusement des touches modernes pour un style \u00e9pur\u00e9. Pour compl\u00e9ter le projet, nous avons command\u00e9 un bureau et des tables d'appoint noir brillant, et repeint le miroir de la chemin\u00e9e avec la m\u00eame finition.<\/p>\n\n\n\n<p><\/p>\n<\/div><figure class=\"wp-block-media-text__media\"><img loading=\"lazy\" decoding=\"async\" width=\"1024\" height=\"648\" src=\"http:\/\/bbinteriors.ch\/wp-content\/uploads\/2025\/03\/87DC2FE4-60B4-45F1-B443-908E102E9213_1_201_a-1024x648.png\" alt=\"Golden Gatsby\" class=\"wp-image-204 size-full\" srcset=\"https:\/\/bbinteriors.ch\/wp-content\/uploads\/2025\/03\/87DC2FE4-60B4-45F1-B443-908E102E9213_1_201_a-1024x648.png 1024w, https:\/\/bbinteriors.ch\/wp-content\/uploads\/2025\/03\/87DC2FE4-60B4-45F1-B443-908E102E9213_1_201_a-300x190.png 300w, https:\/\/bbinteriors.ch\/wp-content\/uploads\/2025\/03\/87DC2FE4-60B4-45F1-B443-908E102E9213_1_201_a-768x486.png 768w, https:\/\/bbinteriors.ch\/wp-content\/uploads\/2025\/03\/87DC2FE4-60B4-45F1-B443-908E102E9213_1_201_a-1536x972.png 1536w, https:\/\/bbinteriors.ch\/wp-content\/uploads\/2025\/03\/87DC2FE4-60B4-45F1-B443-908E102E9213_1_201_a-2048x1296.png 2048w\" sizes=\"auto, (max-width: 1024px) 100vw, 1024px\" \/><\/figure><\/div>\n\n\n\n<div class=\"wp-block-media-text alignwide is-stacked-on-mobile\"><figure class=\"wp-block-media-text__media\"><img loading=\"lazy\" decoding=\"async\" width=\"687\" height=\"482\" src=\"https:\/\/bbinteriors.ch\/wp-content\/uploads\/2025\/07\/chair-reupholstery.png\" alt=\"\" class=\"wp-image-792 size-full\" srcset=\"https:\/\/bbinteriors.ch\/wp-content\/uploads\/2025\/07\/chair-reupholstery.png 687w, https:\/\/bbinteriors.ch\/wp-content\/uploads\/2025\/07\/chair-reupholstery-300x210.png 300w\" sizes=\"auto, (max-width: 687px) 100vw, 687px\" \/><\/figure><div class=\"wp-block-media-text__content\">\n<p class=\"has-large-font-size\">Enfin, deux chaises vintage ont \u00e9t\u00e9 retapiss\u00e9es et garnies de perles en laiton assorties \u00e0 la t\u00eate de lit.<\/p>\n<\/div><\/div>\n\n\n\n<p class=\"has-text-align-center has-huge-font-size\"><\/p>\n\n\n\n<h2 class=\"wp-block-heading has-text-align-center has-lora-font-family has-custom-font\" style=\"font-family:Lora\">En-Suite<\/h2>\n\n\n\n<div class=\"wp-block-media-text alignwide has-media-on-the-right is-stacked-on-mobile\" style=\"padding-top:0px;padding-right:0px;padding-bottom:0px;padding-left:0px\"><div class=\"wp-block-media-text__content\">\n<p class=\"has-large-font-size\" style=\"padding-right:var(--wp--preset--spacing--30);padding-left:var(--wp--preset--spacing--30)\">La salle de bains attenante d'origine \u00e9tait \u00e9quip\u00e9e d'une baignoire avec une douche \u00e0 main peu pratique. Nous l'avons repens\u00e9e en la rempla\u00e7ant par une \u00e9l\u00e9gante douche \u00e0 l'italienne \u00e0 l'italienne pour une exp\u00e9rience plus fonctionnelle et luxueuse.<\/p>\n<\/div><figure class=\"wp-block-media-text__media\"><img loading=\"lazy\" decoding=\"async\" width=\"693\" height=\"693\" src=\"http:\/\/bbinteriors.ch\/wp-content\/uploads\/2025\/07\/D2DAC7FF-7E29-4C10-B6BE-BE8AA525A7FF.jpeg\" alt=\"\" class=\"wp-image-784 size-full\" srcset=\"https:\/\/bbinteriors.ch\/wp-content\/uploads\/2025\/07\/D2DAC7FF-7E29-4C10-B6BE-BE8AA525A7FF.jpeg 693w, https:\/\/bbinteriors.ch\/wp-content\/uploads\/2025\/07\/D2DAC7FF-7E29-4C10-B6BE-BE8AA525A7FF-300x300.jpeg 300w, https:\/\/bbinteriors.ch\/wp-content\/uploads\/2025\/07\/D2DAC7FF-7E29-4C10-B6BE-BE8AA525A7FF-150x150.jpeg 150w\" sizes=\"auto, (max-width: 693px) 100vw, 693px\" \/><\/figure><\/div>\n\n\n\n<div class=\"wp-block-media-text alignwide is-stacked-on-mobile\" style=\"padding-top:0px;padding-right:0px;padding-bottom:0px;padding-left:0px\"><figure class=\"wp-block-media-text__media\"><img loading=\"lazy\" decoding=\"async\" width=\"768\" height=\"1024\" src=\"http:\/\/bbinteriors.ch\/wp-content\/uploads\/2025\/07\/82332BFE-10E6-4712-82AA-A23FECAAB828_1_105_c-1.jpeg\" alt=\"\" class=\"wp-image-783 size-full\" srcset=\"https:\/\/bbinteriors.ch\/wp-content\/uploads\/2025\/07\/82332BFE-10E6-4712-82AA-A23FECAAB828_1_105_c-1.jpeg 768w, https:\/\/bbinteriors.ch\/wp-content\/uploads\/2025\/07\/82332BFE-10E6-4712-82AA-A23FECAAB828_1_105_c-1-225x300.jpeg 225w\" sizes=\"auto, (max-width: 768px) 100vw, 768px\" \/><\/figure><div class=\"wp-block-media-text__content\">\n<p class=\"has-large-font-size\" style=\"padding-right:var(--wp--preset--spacing--30);padding-left:var(--wp--preset--spacing--30)\">Nous avons remplac\u00e9 la finition en pierre d'origine par du carrelage imitation marbre au sol et aux murs, apportant une touche de luxe discret. Les veinures douces apportent une touche d'\u00e9l\u00e9gance sans surcharger l'espace, laissant le mobilier et les accessoires occuper toute la place.<\/p>\n<\/div><\/div>\n\n\n\n<div class=\"wp-block-media-text alignwide has-media-on-the-right is-stacked-on-mobile\" style=\"padding-top:0px;padding-right:0px;padding-bottom:0px;padding-left:0px\"><div class=\"wp-block-media-text__content\">\n<p class=\"has-large-font-size\" style=\"padding-right:var(--wp--preset--spacing--30);padding-left:var(--wp--preset--spacing--30)\">Nous avons continu\u00e9 \u00e0 utiliser des tons profonds et des accents en laiton dans la salle de bain attenante.<\/p>\n\n\n\n<p class=\"has-large-font-size\" style=\"padding-right:var(--wp--preset--spacing--30);padding-left:var(--wp--preset--spacing--30)\">La coiffeuse noire et dor\u00e9e avec portes en miroir antique est une conception sur mesure, inspir\u00e9e de l'opulence de l'\u00e9poque.<\/p>\n<\/div><figure class=\"wp-block-media-text__media\"><img loading=\"lazy\" decoding=\"async\" width=\"1024\" height=\"768\" src=\"https:\/\/bbinteriors.ch\/wp-content\/uploads\/2025\/06\/E491510B-A22C-40A5-A1DF-D9A22109D5C3_1_105_c.jpeg\" alt=\"\" class=\"wp-image-622 size-full\" srcset=\"https:\/\/bbinteriors.ch\/wp-content\/uploads\/2025\/06\/E491510B-A22C-40A5-A1DF-D9A22109D5C3_1_105_c.jpeg 1024w, https:\/\/bbinteriors.ch\/wp-content\/uploads\/2025\/06\/E491510B-A22C-40A5-A1DF-D9A22109D5C3_1_105_c-300x225.jpeg 300w, https:\/\/bbinteriors.ch\/wp-content\/uploads\/2025\/06\/E491510B-A22C-40A5-A1DF-D9A22109D5C3_1_105_c-768x576.jpeg 768w\" sizes=\"auto, (max-width: 1024px) 100vw, 1024px\" \/><\/figure><\/div>\n\n\n\n<div class=\"wp-block-buttons is-content-justification-right is-layout-flex wp-container-core-buttons-is-layout-765c4724 wp-block-buttons-is-layout-flex\">\n<div class=\"wp-block-button is-style-outline is-style-outline--1\"><a class=\"wp-block-button__link has-quaternary-color has-secondary-background-color has-text-color has-background has-link-color has-large-font-size has-custom-font-size wp-element-button\" href=\"https:\/\/bbinteriors.ch\/fr\/portfolio\/enduring-charm\/\">Suivante<\/a><\/div>\n<\/div>\n\n\n\n<p><\/p>","protected":false},"excerpt":{"rendered":"<p>Golden Gatsby Inspired by the glamour of the 1920s, this bedroom with en suite blends bold colours with luxurious details for a striking, sophisticated space. Deep navy tones, bold mustard accents, and a striking feature wall create a space that feels both elegant and full of energy. Vintage pieces like the chandelier and fireplace sit [&hellip;]<\/p>\n","protected":false},"author":2,"featured_media":0,"parent":85,"menu_order":0,"comment_status":"closed","ping_status":"closed","template":"","meta":{"_coblocks_attr":"Faustina,Faustina,Lora","_coblocks_dimensions":"","_coblocks_responsive_height":"","_coblocks_accordion_ie_support":"","hide_page_title":"enabled","footnotes":""},"class_list":["post-116","page","type-page","status-publish","hentry"],"aioseo_notices":[],"_links":{"self":[{"href":"https:\/\/bbinteriors.ch\/fr\/wp-json\/wp\/v2\/pages\/116","targetHints":{"allow":["GET"]}}],"collection":[{"href":"https:\/\/bbinteriors.ch\/fr\/wp-json\/wp\/v2\/pages"}],"about":[{"href":"https:\/\/bbinteriors.ch\/fr\/wp-json\/wp\/v2\/types\/page"}],"author":[{"embeddable":true,"href":"https:\/\/bbinteriors.ch\/fr\/wp-json\/wp\/v2\/users\/2"}],"replies":[{"embeddable":true,"href":"https:\/\/bbinteriors.ch\/fr\/wp-json\/wp\/v2\/comments?post=116"}],"version-history":[{"count":49,"href":"https:\/\/bbinteriors.ch\/fr\/wp-json\/wp\/v2\/pages\/116\/revisions"}],"predecessor-version":[{"id":1167,"href":"https:\/\/bbinteriors.ch\/fr\/wp-json\/wp\/v2\/pages\/116\/revisions\/1167"}],"up":[{"embeddable":true,"href":"https:\/\/bbinteriors.ch\/fr\/wp-json\/wp\/v2\/pages\/85"}],"wp:attachment":[{"href":"https:\/\/bbinteriors.ch\/fr\/wp-json\/wp\/v2\/media?parent=116"}],"curies":[{"name":"wp","href":"https:\/\/api.w.org\/{rel}","templated":true}]}}