{"id":1099,"date":"2025-10-09T13:23:52","date_gmt":"2025-10-09T13:23:52","guid":{"rendered":"https:\/\/bbinteriors.ch\/?page_id=1099"},"modified":"2025-11-03T12:11:41","modified_gmt":"2025-11-03T12:11:41","slug":"interior-sourcing","status":"publish","type":"page","link":"https:\/\/bbinteriors.ch\/fr\/interior-sourcing\/","title":{"rendered":"Recherche &amp; Sourcing"},"content":{"rendered":"<h1 class=\"wp-block-heading has-text-align-center has-lora-font-family has-custom-font\" style=\"font-family:Lora\">Recherche &amp; Sourcing<\/h1>\n\n\n\n<p class=\"has-large-font-size\">Tous les projets ne n\u00e9cessitent pas un service complet.\nParfois, un simple renouvellement de quelques \u00e9l\u00e9ments suffit \u00e0 transformer un int\u00e9rieur.<\/p>\n\n\n\n<p class=\"has-large-font-size\">J\u2019adore chiner l\u2019extraordinaire.<br>If you\u2019re searching for a standout item you can\u2019t find locally, I work with a trusted global network to bring unique finds to my clients \u2014 something a little different, and perfectly tailored.<\/p>\n\n\n\n<p><\/p>\n\n\n\n<div class=\"wp-block-group alignfull\"><div class=\"wp-block-group__inner-container is-layout-constrained wp-block-group-is-layout-constrained\">\n<figure class=\"wp-block-coblocks-gallery-masonry masonry-grid has-5-gutter\">\n<figure class=\"wp-block-image size-large\"><img loading=\"lazy\" decoding=\"async\" width=\"780\" height=\"1007\" src=\"https:\/\/bbinteriors.ch\/wp-content\/uploads\/2025\/10\/A3BD4FF7-DA70-4DF5-B443-AA69C7E5BF9F_1_105_c.jpeg\" alt=\"Image gallery image\" class=\"wp-image-1137\" srcset=\"https:\/\/bbinteriors.ch\/wp-content\/uploads\/2025\/10\/A3BD4FF7-DA70-4DF5-B443-AA69C7E5BF9F_1_105_c.jpeg 780w, https:\/\/bbinteriors.ch\/wp-content\/uploads\/2025\/10\/A3BD4FF7-DA70-4DF5-B443-AA69C7E5BF9F_1_105_c-232x300.jpeg 232w, https:\/\/bbinteriors.ch\/wp-content\/uploads\/2025\/10\/A3BD4FF7-DA70-4DF5-B443-AA69C7E5BF9F_1_105_c-768x992.jpeg 768w, https:\/\/bbinteriors.ch\/wp-content\/uploads\/2025\/10\/A3BD4FF7-DA70-4DF5-B443-AA69C7E5BF9F_1_105_c-9x12.jpeg 9w\" sizes=\"auto, (max-width: 780px) 100vw, 780px\" \/><\/figure>\n\n\n\n<figure class=\"wp-block-image size-large\"><img loading=\"lazy\" decoding=\"async\" width=\"768\" height=\"1024\" src=\"https:\/\/bbinteriors.ch\/wp-content\/uploads\/2025\/10\/787C2324-DE81-4FA2-B169-DF56C98B49D8_1_105_c.jpeg\" alt=\"Image gallery image\" class=\"wp-image-1146\" srcset=\"https:\/\/bbinteriors.ch\/wp-content\/uploads\/2025\/10\/787C2324-DE81-4FA2-B169-DF56C98B49D8_1_105_c.jpeg 768w, https:\/\/bbinteriors.ch\/wp-content\/uploads\/2025\/10\/787C2324-DE81-4FA2-B169-DF56C98B49D8_1_105_c-225x300.jpeg 225w, https:\/\/bbinteriors.ch\/wp-content\/uploads\/2025\/10\/787C2324-DE81-4FA2-B169-DF56C98B49D8_1_105_c-9x12.jpeg 9w\" sizes=\"auto, (max-width: 768px) 100vw, 768px\" \/><\/figure>\n\n\n\n<figure class=\"wp-block-image size-large\"><img loading=\"lazy\" decoding=\"async\" width=\"768\" height=\"1024\" src=\"https:\/\/bbinteriors.ch\/wp-content\/uploads\/2025\/10\/B0BA1205-1DD7-4468-95E1-B3FA0337FA92_1_105_c.jpeg\" alt=\"Image gallery image\" class=\"wp-image-1144\" srcset=\"https:\/\/bbinteriors.ch\/wp-content\/uploads\/2025\/10\/B0BA1205-1DD7-4468-95E1-B3FA0337FA92_1_105_c.jpeg 768w, https:\/\/bbinteriors.ch\/wp-content\/uploads\/2025\/10\/B0BA1205-1DD7-4468-95E1-B3FA0337FA92_1_105_c-225x300.jpeg 225w, https:\/\/bbinteriors.ch\/wp-content\/uploads\/2025\/10\/B0BA1205-1DD7-4468-95E1-B3FA0337FA92_1_105_c-9x12.jpeg 9w\" sizes=\"auto, (max-width: 768px) 100vw, 768px\" \/><\/figure>\n\n\n\n<figure class=\"wp-block-image size-large\"><img loading=\"lazy\" decoding=\"async\" width=\"768\" height=\"1024\" src=\"https:\/\/bbinteriors.ch\/wp-content\/uploads\/2025\/10\/3B5429EE-DDD6-4300-858B-2E4F2EDADA78_1_105_c.jpeg\" alt=\"Image gallery image\" class=\"wp-image-1136\" srcset=\"https:\/\/bbinteriors.ch\/wp-content\/uploads\/2025\/10\/3B5429EE-DDD6-4300-858B-2E4F2EDADA78_1_105_c.jpeg 768w, https:\/\/bbinteriors.ch\/wp-content\/uploads\/2025\/10\/3B5429EE-DDD6-4300-858B-2E4F2EDADA78_1_105_c-225x300.jpeg 225w, https:\/\/bbinteriors.ch\/wp-content\/uploads\/2025\/10\/3B5429EE-DDD6-4300-858B-2E4F2EDADA78_1_105_c-9x12.jpeg 9w\" sizes=\"auto, (max-width: 768px) 100vw, 768px\" \/><\/figure>\n\n\n\n<figure class=\"wp-block-image size-large\"><img loading=\"lazy\" decoding=\"async\" width=\"768\" height=\"1024\" src=\"https:\/\/bbinteriors.ch\/wp-content\/uploads\/2025\/10\/B3B6EFE9-74B2-4F06-844E-6C6B1E613DF5_1_105_c.jpeg\" alt=\"Image gallery image\" class=\"wp-image-1135\" srcset=\"https:\/\/bbinteriors.ch\/wp-content\/uploads\/2025\/10\/B3B6EFE9-74B2-4F06-844E-6C6B1E613DF5_1_105_c.jpeg 768w, https:\/\/bbinteriors.ch\/wp-content\/uploads\/2025\/10\/B3B6EFE9-74B2-4F06-844E-6C6B1E613DF5_1_105_c-225x300.jpeg 225w, https:\/\/bbinteriors.ch\/wp-content\/uploads\/2025\/10\/B3B6EFE9-74B2-4F06-844E-6C6B1E613DF5_1_105_c-9x12.jpeg 9w\" sizes=\"auto, (max-width: 768px) 100vw, 768px\" \/><\/figure>\n\n\n\n<figure class=\"wp-block-image size-large\"><img loading=\"lazy\" decoding=\"async\" width=\"480\" height=\"1024\" src=\"https:\/\/bbinteriors.ch\/wp-content\/uploads\/2025\/10\/1DB09950-141B-412D-A3CA-55269996052E_1_105_c-480x1024.jpeg\" alt=\"Image gallery image\" class=\"wp-image-1138\" srcset=\"https:\/\/bbinteriors.ch\/wp-content\/uploads\/2025\/10\/1DB09950-141B-412D-A3CA-55269996052E_1_105_c-480x1024.jpeg 480w, https:\/\/bbinteriors.ch\/wp-content\/uploads\/2025\/10\/1DB09950-141B-412D-A3CA-55269996052E_1_105_c-141x300.jpeg 141w, https:\/\/bbinteriors.ch\/wp-content\/uploads\/2025\/10\/1DB09950-141B-412D-A3CA-55269996052E_1_105_c-6x12.jpeg 6w, https:\/\/bbinteriors.ch\/wp-content\/uploads\/2025\/10\/1DB09950-141B-412D-A3CA-55269996052E_1_105_c.jpeg 607w\" sizes=\"auto, (max-width: 480px) 100vw, 480px\" \/><\/figure>\n\n\n\n<figure class=\"wp-block-image size-large\"><img loading=\"lazy\" decoding=\"async\" width=\"509\" height=\"1014\" src=\"https:\/\/bbinteriors.ch\/wp-content\/uploads\/2025\/10\/238953E7-E769-4D8E-8CF4-0128D38FDFD9.jpeg\" alt=\"Image gallery image\" class=\"wp-image-1134\" srcset=\"https:\/\/bbinteriors.ch\/wp-content\/uploads\/2025\/10\/238953E7-E769-4D8E-8CF4-0128D38FDFD9.jpeg 509w, https:\/\/bbinteriors.ch\/wp-content\/uploads\/2025\/10\/238953E7-E769-4D8E-8CF4-0128D38FDFD9-151x300.jpeg 151w, https:\/\/bbinteriors.ch\/wp-content\/uploads\/2025\/10\/238953E7-E769-4D8E-8CF4-0128D38FDFD9-6x12.jpeg 6w\" sizes=\"auto, (max-width: 509px) 100vw, 509px\" \/><\/figure>\n\n\n\n<figure class=\"wp-block-image size-large\"><img loading=\"lazy\" decoding=\"async\" width=\"768\" height=\"1024\" src=\"https:\/\/bbinteriors.ch\/wp-content\/uploads\/2025\/10\/7D21C62A-68BA-48C6-B4E5-8CFACA80B813_1_105_c.jpeg\" alt=\"Image gallery image\" class=\"wp-image-1133\" srcset=\"https:\/\/bbinteriors.ch\/wp-content\/uploads\/2025\/10\/7D21C62A-68BA-48C6-B4E5-8CFACA80B813_1_105_c.jpeg 768w, https:\/\/bbinteriors.ch\/wp-content\/uploads\/2025\/10\/7D21C62A-68BA-48C6-B4E5-8CFACA80B813_1_105_c-225x300.jpeg 225w, https:\/\/bbinteriors.ch\/wp-content\/uploads\/2025\/10\/7D21C62A-68BA-48C6-B4E5-8CFACA80B813_1_105_c-9x12.jpeg 9w\" sizes=\"auto, (max-width: 768px) 100vw, 768px\" \/><\/figure>\n\n\n\n<figure class=\"wp-block-image size-large\"><img loading=\"lazy\" decoding=\"async\" width=\"768\" height=\"1024\" src=\"https:\/\/bbinteriors.ch\/wp-content\/uploads\/2025\/10\/99FA5236-4BE1-45E5-9B94-EABD5EFEE7B5_1_105_c.jpeg\" alt=\"Image gallery image\" class=\"wp-image-1078\" srcset=\"https:\/\/bbinteriors.ch\/wp-content\/uploads\/2025\/10\/99FA5236-4BE1-45E5-9B94-EABD5EFEE7B5_1_105_c.jpeg 768w, https:\/\/bbinteriors.ch\/wp-content\/uploads\/2025\/10\/99FA5236-4BE1-45E5-9B94-EABD5EFEE7B5_1_105_c-225x300.jpeg 225w, https:\/\/bbinteriors.ch\/wp-content\/uploads\/2025\/10\/99FA5236-4BE1-45E5-9B94-EABD5EFEE7B5_1_105_c-9x12.jpeg 9w\" sizes=\"auto, (max-width: 768px) 100vw, 768px\" \/><\/figure>\n\n\n\n<figure class=\"wp-block-image size-large\"><img loading=\"lazy\" decoding=\"async\" width=\"768\" height=\"1024\" src=\"https:\/\/bbinteriors.ch\/wp-content\/uploads\/2025\/10\/A0A38EA4-706F-48E9-943B-D7561B530AE0_1_105_c.jpeg\" alt=\"Image gallery image\" class=\"wp-image-1077\" srcset=\"https:\/\/bbinteriors.ch\/wp-content\/uploads\/2025\/10\/A0A38EA4-706F-48E9-943B-D7561B530AE0_1_105_c.jpeg 768w, https:\/\/bbinteriors.ch\/wp-content\/uploads\/2025\/10\/A0A38EA4-706F-48E9-943B-D7561B530AE0_1_105_c-225x300.jpeg 225w, https:\/\/bbinteriors.ch\/wp-content\/uploads\/2025\/10\/A0A38EA4-706F-48E9-943B-D7561B530AE0_1_105_c-9x12.jpeg 9w\" sizes=\"auto, (max-width: 768px) 100vw, 768px\" \/><\/figure>\n\n\n\n<figure class=\"wp-block-image size-large\"><img loading=\"lazy\" decoding=\"async\" width=\"768\" height=\"1024\" src=\"https:\/\/bbinteriors.ch\/wp-content\/uploads\/2025\/10\/BE21EA6E-82EE-4F2D-B8BF-758BDF556915_1_105_c.jpeg\" alt=\"Image gallery image\" class=\"wp-image-1069\" srcset=\"https:\/\/bbinteriors.ch\/wp-content\/uploads\/2025\/10\/BE21EA6E-82EE-4F2D-B8BF-758BDF556915_1_105_c.jpeg 768w, https:\/\/bbinteriors.ch\/wp-content\/uploads\/2025\/10\/BE21EA6E-82EE-4F2D-B8BF-758BDF556915_1_105_c-225x300.jpeg 225w, https:\/\/bbinteriors.ch\/wp-content\/uploads\/2025\/10\/BE21EA6E-82EE-4F2D-B8BF-758BDF556915_1_105_c-9x12.jpeg 9w\" sizes=\"auto, (max-width: 768px) 100vw, 768px\" \/><\/figure>\n\n\n\n<figure class=\"wp-block-image size-large\"><img loading=\"lazy\" decoding=\"async\" width=\"768\" height=\"1024\" src=\"https:\/\/bbinteriors.ch\/wp-content\/uploads\/2025\/10\/D5E9FC71-828F-47FC-83DA-6470CCA11C14_1_105_c.jpeg\" alt=\"Image gallery image\" class=\"wp-image-1072\" srcset=\"https:\/\/bbinteriors.ch\/wp-content\/uploads\/2025\/10\/D5E9FC71-828F-47FC-83DA-6470CCA11C14_1_105_c.jpeg 768w, https:\/\/bbinteriors.ch\/wp-content\/uploads\/2025\/10\/D5E9FC71-828F-47FC-83DA-6470CCA11C14_1_105_c-225x300.jpeg 225w, https:\/\/bbinteriors.ch\/wp-content\/uploads\/2025\/10\/D5E9FC71-828F-47FC-83DA-6470CCA11C14_1_105_c-9x12.jpeg 9w\" sizes=\"auto, (max-width: 768px) 100vw, 768px\" \/><\/figure>\n\n\n\n<figure class=\"wp-block-image size-large\"><img loading=\"lazy\" decoding=\"async\" width=\"1024\" height=\"768\" src=\"https:\/\/bbinteriors.ch\/wp-content\/uploads\/2025\/10\/52709A87-4425-4C41-AEFB-719AA7924AB9_1_105_c.jpeg\" alt=\"Image gallery image\" class=\"wp-image-1139\" srcset=\"https:\/\/bbinteriors.ch\/wp-content\/uploads\/2025\/10\/52709A87-4425-4C41-AEFB-719AA7924AB9_1_105_c.jpeg 1024w, https:\/\/bbinteriors.ch\/wp-content\/uploads\/2025\/10\/52709A87-4425-4C41-AEFB-719AA7924AB9_1_105_c-300x225.jpeg 300w, https:\/\/bbinteriors.ch\/wp-content\/uploads\/2025\/10\/52709A87-4425-4C41-AEFB-719AA7924AB9_1_105_c-768x576.jpeg 768w, https:\/\/bbinteriors.ch\/wp-content\/uploads\/2025\/10\/52709A87-4425-4C41-AEFB-719AA7924AB9_1_105_c-16x12.jpeg 16w\" sizes=\"auto, (max-width: 1024px) 100vw, 1024px\" \/><\/figure>\n\n\n\n<figure class=\"wp-block-image size-large\"><img loading=\"lazy\" decoding=\"async\" width=\"760\" height=\"778\" src=\"https:\/\/bbinteriors.ch\/wp-content\/uploads\/2025\/06\/F799A639-4A99-4A64-A189-2383EC87A64F_1_105_c-e1753353892976.jpeg\" alt=\"Image gallery image\" class=\"wp-image-611\" srcset=\"https:\/\/bbinteriors.ch\/wp-content\/uploads\/2025\/06\/F799A639-4A99-4A64-A189-2383EC87A64F_1_105_c-e1753353892976.jpeg 760w, https:\/\/bbinteriors.ch\/wp-content\/uploads\/2025\/06\/F799A639-4A99-4A64-A189-2383EC87A64F_1_105_c-e1753353892976-293x300.jpeg 293w\" sizes=\"auto, (max-width: 760px) 100vw, 760px\" \/><\/figure>\n<\/figure>\n<\/div><\/div>","protected":false},"excerpt":{"rendered":"<p>Interior Sourcing Not everyone needs a full design service \u2014 sometimes it\u2019s just about refreshing a few key pieces. Sourcing the extraordinary is something I truly enjoy.If you\u2019re searching for a standout item you can\u2019t find locally, I work with a trusted global network to bring unique finds to my clients \u2014 something a little [&hellip;]<\/p>\n","protected":false},"author":2,"featured_media":0,"parent":0,"menu_order":0,"comment_status":"closed","ping_status":"closed","template":"","meta":{"_coblocks_attr":"Lora","_coblocks_dimensions":"","_coblocks_responsive_height":"","_coblocks_accordion_ie_support":"","hide_page_title":"enabled","footnotes":""},"class_list":["post-1099","page","type-page","status-publish","hentry"],"aioseo_notices":[],"_links":{"self":[{"href":"https:\/\/bbinteriors.ch\/fr\/wp-json\/wp\/v2\/pages\/1099","targetHints":{"allow":["GET"]}}],"collection":[{"href":"https:\/\/bbinteriors.ch\/fr\/wp-json\/wp\/v2\/pages"}],"about":[{"href":"https:\/\/bbinteriors.ch\/fr\/wp-json\/wp\/v2\/types\/page"}],"author":[{"embeddable":true,"href":"https:\/\/bbinteriors.ch\/fr\/wp-json\/wp\/v2\/users\/2"}],"replies":[{"embeddable":true,"href":"https:\/\/bbinteriors.ch\/fr\/wp-json\/wp\/v2\/comments?post=1099"}],"version-history":[{"count":3,"href":"https:\/\/bbinteriors.ch\/fr\/wp-json\/wp\/v2\/pages\/1099\/revisions"}],"predecessor-version":[{"id":1151,"href":"https:\/\/bbinteriors.ch\/fr\/wp-json\/wp\/v2\/pages\/1099\/revisions\/1151"}],"wp:attachment":[{"href":"https:\/\/bbinteriors.ch\/fr\/wp-json\/wp\/v2\/media?parent=1099"}],"curies":[{"name":"wp","href":"https:\/\/api.w.org\/{rel}","templated":true}]}}