{"id":1081,"date":"2025-10-09T12:44:43","date_gmt":"2025-10-09T12:44:43","guid":{"rendered":"https:\/\/bbinteriors.ch\/?page_id=1081"},"modified":"2025-10-27T15:15:08","modified_gmt":"2025-10-27T15:15:08","slug":"hotel-chic","status":"publish","type":"page","link":"https:\/\/bbinteriors.ch\/fr\/portfolio\/hotel-chic\/","title":{"rendered":"H\u00f4tel Chic"},"content":{"rendered":"<h1 class=\"wp-block-heading has-text-align-center has-lora-font-family has-custom-font\" style=\"font-family:Lora\">H\u00f4tel Chic<\/h1>\n\n\n\n<div class=\"wp-block-media-text alignwide has-media-on-the-right is-stacked-on-mobile\"><div class=\"wp-block-media-text__content\">\n<p class=\"has-lora-font-family has-large-font-size has-custom-font\" style=\"padding-right:var(--wp--preset--spacing--30);padding-left:var(--wp--preset--spacing--30);font-family:Lora\">Pour ce projet, on nous a demand\u00e9 de fournir les textiles et accessoires pour quatre chambres. Le cahier des charges \u00e9tait de cr\u00e9er un design moderne et \u00e9l\u00e9gant dans des tons neutres.<\/p>\n\n\n\n<p><\/p>\n<\/div><figure class=\"wp-block-media-text__media\"><img loading=\"lazy\" decoding=\"async\" width=\"1024\" height=\"768\" src=\"https:\/\/bbinteriors.ch\/wp-content\/uploads\/2025\/10\/C90EEB8E-739F-44AF-8402-5C38B0146384_1_105_c-1.jpeg\" alt=\"\" class=\"wp-image-1075 size-full\" srcset=\"https:\/\/bbinteriors.ch\/wp-content\/uploads\/2025\/10\/C90EEB8E-739F-44AF-8402-5C38B0146384_1_105_c-1.jpeg 1024w, https:\/\/bbinteriors.ch\/wp-content\/uploads\/2025\/10\/C90EEB8E-739F-44AF-8402-5C38B0146384_1_105_c-1-300x225.jpeg 300w, https:\/\/bbinteriors.ch\/wp-content\/uploads\/2025\/10\/C90EEB8E-739F-44AF-8402-5C38B0146384_1_105_c-1-768x576.jpeg 768w, https:\/\/bbinteriors.ch\/wp-content\/uploads\/2025\/10\/C90EEB8E-739F-44AF-8402-5C38B0146384_1_105_c-1-16x12.jpeg 16w\" sizes=\"auto, (max-width: 1024px) 100vw, 1024px\" \/><\/figure><\/div>\n\n\n\n<p class=\"has-text-align-left has-large-font-size\">Pour chaque chambre, nous avons s\u00e9lectionn\u00e9 des pi\u00e8ces provenant de diverses sources pour apporter personnalit\u00e9 et variation, tout en conservant un th\u00e8me global coh\u00e9rent.      <\/p>\n\n\n<div class=\"wp-block-image\">\n<figure class=\"aligncenter\"><img loading=\"lazy\" decoding=\"async\" width=\"1024\" height=\"768\" src=\"https:\/\/bbinteriors.ch\/wp-content\/uploads\/2025\/10\/Laura-Images.003.jpeg\" alt=\"\" class=\"wp-image-1106\" srcset=\"https:\/\/bbinteriors.ch\/wp-content\/uploads\/2025\/10\/Laura-Images.003.jpeg 1024w, https:\/\/bbinteriors.ch\/wp-content\/uploads\/2025\/10\/Laura-Images.003-300x225.jpeg 300w, https:\/\/bbinteriors.ch\/wp-content\/uploads\/2025\/10\/Laura-Images.003-768x576.jpeg 768w, https:\/\/bbinteriors.ch\/wp-content\/uploads\/2025\/10\/Laura-Images.003-16x12.jpeg 16w\" sizes=\"auto, (max-width: 1024px) 100vw, 1024px\" \/><\/figure><\/div>\n\n\n<p class=\"has-lora-font-family has-large-font-size has-custom-font\" style=\"font-family:Lora\"><\/p>\n\n\n\n<div class=\"wp-block-media-text alignwide is-stacked-on-mobile\"><figure class=\"wp-block-media-text__media\"><img loading=\"lazy\" decoding=\"async\" width=\"1024\" height=\"768\" src=\"https:\/\/bbinteriors.ch\/wp-content\/uploads\/2025\/10\/9A7B6E8C-F9F0-4FC4-A5B9-9E8995000D0E_1_105_c.jpeg\" alt=\"\" class=\"wp-image-1079 size-full\" srcset=\"https:\/\/bbinteriors.ch\/wp-content\/uploads\/2025\/10\/9A7B6E8C-F9F0-4FC4-A5B9-9E8995000D0E_1_105_c.jpeg 1024w, https:\/\/bbinteriors.ch\/wp-content\/uploads\/2025\/10\/9A7B6E8C-F9F0-4FC4-A5B9-9E8995000D0E_1_105_c-300x225.jpeg 300w, https:\/\/bbinteriors.ch\/wp-content\/uploads\/2025\/10\/9A7B6E8C-F9F0-4FC4-A5B9-9E8995000D0E_1_105_c-768x576.jpeg 768w, https:\/\/bbinteriors.ch\/wp-content\/uploads\/2025\/10\/9A7B6E8C-F9F0-4FC4-A5B9-9E8995000D0E_1_105_c-16x12.jpeg 16w\" sizes=\"auto, (max-width: 1024px) 100vw, 1024px\" \/><\/figure><div class=\"wp-block-media-text__content\">\n<p class=\"has-large-font-size\">Chacun des tapis, d\u00e9clin\u00e9s en diff\u00e9rentes palettes de couleurs, est tiss\u00e9 \u00e0 la main en soie de bambou brillante, apportant une touche de luxe et de chaleur sous les pieds.<\/p>\n<\/div><\/div>\n\n\n<div class=\"wp-block-image\">\n<figure class=\"aligncenter\"><img loading=\"lazy\" decoding=\"async\" width=\"1024\" height=\"768\" src=\"https:\/\/bbinteriors.ch\/wp-content\/uploads\/2025\/10\/Laura-Images.004.jpeg\" alt=\"\" class=\"wp-image-1107\" srcset=\"https:\/\/bbinteriors.ch\/wp-content\/uploads\/2025\/10\/Laura-Images.004.jpeg 1024w, https:\/\/bbinteriors.ch\/wp-content\/uploads\/2025\/10\/Laura-Images.004-300x225.jpeg 300w, https:\/\/bbinteriors.ch\/wp-content\/uploads\/2025\/10\/Laura-Images.004-768x576.jpeg 768w, https:\/\/bbinteriors.ch\/wp-content\/uploads\/2025\/10\/Laura-Images.004-16x12.jpeg 16w\" sizes=\"auto, (max-width: 1024px) 100vw, 1024px\" \/><\/figure><\/div>\n\n\n<div class=\"wp-block-media-text alignwide has-media-on-the-right is-stacked-on-mobile\"><div class=\"wp-block-media-text__content\">\n<p><\/p>\n\n\n\n<p class=\"has-large-font-size\" style=\"padding-right:var(--wp--preset--spacing--30);padding-left:var(--wp--preset--spacing--30)\">Les coussins d\u00e9coratifs, confectionn\u00e9s \u00e0 la main dans des tissus exquis, apportent texture et profondeur aux superpositions, tandis que les plaids en fausse fourrure ajoutent confort et richesse tactile \u00e0 l'espace.<\/p>\n\n\n\n<p><\/p>\n<\/div><figure class=\"wp-block-media-text__media\"><img loading=\"lazy\" decoding=\"async\" width=\"909\" height=\"864\" src=\"https:\/\/bbinteriors.ch\/wp-content\/uploads\/2025\/10\/6C531910-F10A-47E6-927B-60889FB6BB42_1_105_c.jpeg\" alt=\"\" class=\"wp-image-1068 size-full\" srcset=\"https:\/\/bbinteriors.ch\/wp-content\/uploads\/2025\/10\/6C531910-F10A-47E6-927B-60889FB6BB42_1_105_c.jpeg 909w, https:\/\/bbinteriors.ch\/wp-content\/uploads\/2025\/10\/6C531910-F10A-47E6-927B-60889FB6BB42_1_105_c-300x285.jpeg 300w, https:\/\/bbinteriors.ch\/wp-content\/uploads\/2025\/10\/6C531910-F10A-47E6-927B-60889FB6BB42_1_105_c-768x730.jpeg 768w, https:\/\/bbinteriors.ch\/wp-content\/uploads\/2025\/10\/6C531910-F10A-47E6-927B-60889FB6BB42_1_105_c-13x12.jpeg 13w\" sizes=\"auto, (max-width: 909px) 100vw, 909px\" \/><\/figure><\/div>\n\n\n<div class=\"wp-block-image\">\n<figure class=\"aligncenter\"><img loading=\"lazy\" decoding=\"async\" width=\"1024\" height=\"768\" src=\"https:\/\/bbinteriors.ch\/wp-content\/uploads\/2025\/10\/Laura-Images.001.jpeg\" alt=\"\" class=\"wp-image-1109\" srcset=\"https:\/\/bbinteriors.ch\/wp-content\/uploads\/2025\/10\/Laura-Images.001.jpeg 1024w, https:\/\/bbinteriors.ch\/wp-content\/uploads\/2025\/10\/Laura-Images.001-300x225.jpeg 300w, https:\/\/bbinteriors.ch\/wp-content\/uploads\/2025\/10\/Laura-Images.001-768x576.jpeg 768w, https:\/\/bbinteriors.ch\/wp-content\/uploads\/2025\/10\/Laura-Images.001-16x12.jpeg 16w\" sizes=\"auto, (max-width: 1024px) 100vw, 1024px\" \/><\/figure><\/div>\n\n\n<div class=\"wp-block-media-text alignwide is-stacked-on-mobile\"><figure class=\"wp-block-media-text__media\"><img loading=\"lazy\" decoding=\"async\" width=\"768\" height=\"1024\" src=\"https:\/\/bbinteriors.ch\/wp-content\/uploads\/2025\/10\/C205FDF7-7BEC-450F-AA5A-D25BACFDE807_1_105_c.jpeg\" alt=\"\" class=\"wp-image-1070 size-full\" srcset=\"https:\/\/bbinteriors.ch\/wp-content\/uploads\/2025\/10\/C205FDF7-7BEC-450F-AA5A-D25BACFDE807_1_105_c.jpeg 768w, https:\/\/bbinteriors.ch\/wp-content\/uploads\/2025\/10\/C205FDF7-7BEC-450F-AA5A-D25BACFDE807_1_105_c-225x300.jpeg 225w, https:\/\/bbinteriors.ch\/wp-content\/uploads\/2025\/10\/C205FDF7-7BEC-450F-AA5A-D25BACFDE807_1_105_c-9x12.jpeg 9w\" sizes=\"auto, (max-width: 768px) 100vw, 768px\" \/><\/figure><div class=\"wp-block-media-text__content\">\n<p><\/p>\n\n\n\n<p class=\"has-large-font-size\">Les lampes et les tables de chevet sont harmonieusement coordonn\u00e9es pour cr\u00e9er \u00e9quilibre et harmonie, renfor\u00e7ant le design \u00e9l\u00e9gant et coh\u00e9rent de la chambre.<\/p>\n<\/div><\/div>\n\n\n<div class=\"wp-block-image\">\n<figure class=\"aligncenter\"><img loading=\"lazy\" decoding=\"async\" width=\"1024\" height=\"768\" src=\"https:\/\/bbinteriors.ch\/wp-content\/uploads\/2025\/10\/Laura-Images.002.jpeg\" alt=\"\" class=\"wp-image-1108\" srcset=\"https:\/\/bbinteriors.ch\/wp-content\/uploads\/2025\/10\/Laura-Images.002.jpeg 1024w, https:\/\/bbinteriors.ch\/wp-content\/uploads\/2025\/10\/Laura-Images.002-300x225.jpeg 300w, https:\/\/bbinteriors.ch\/wp-content\/uploads\/2025\/10\/Laura-Images.002-768x576.jpeg 768w, https:\/\/bbinteriors.ch\/wp-content\/uploads\/2025\/10\/Laura-Images.002-16x12.jpeg 16w\" sizes=\"auto, (max-width: 1024px) 100vw, 1024px\" \/><\/figure><\/div>\n\n\n<p><\/p>\n\n\n\n<div class=\"wp-block-buttons is-content-justification-right is-layout-flex wp-container-core-buttons-is-layout-765c4724 wp-block-buttons-is-layout-flex\">\n<div class=\"wp-block-button is-style-outline is-style-outline--1\"><a class=\"wp-block-button__link has-quaternary-color has-secondary-background-color has-text-color has-background has-link-color wp-element-button\" href=\"https:\/\/bbinteriors.ch\/fr\/portfolio\/golden-gatsby\/\">Suivante<\/a><\/div>\n<\/div>","protected":false},"excerpt":{"rendered":"<p>Hotel Chic For this project, we were asked to source soft furnishings and accessories for four bedrooms. The brief was to create a modern, elegant design in neutral tones. For each room, we curated pieces from a variety of sources to create personality and variation, while maintaining a cohesive overall theme. Each of the rugs, [&hellip;]<\/p>\n","protected":false},"author":2,"featured_media":0,"parent":85,"menu_order":0,"comment_status":"closed","ping_status":"closed","template":"","meta":{"_coblocks_attr":"Lora,Lora","_coblocks_dimensions":"","_coblocks_responsive_height":"","_coblocks_accordion_ie_support":"","hide_page_title":"enabled","footnotes":""},"class_list":["post-1081","page","type-page","status-publish","hentry"],"aioseo_notices":[],"_links":{"self":[{"href":"https:\/\/bbinteriors.ch\/fr\/wp-json\/wp\/v2\/pages\/1081","targetHints":{"allow":["GET"]}}],"collection":[{"href":"https:\/\/bbinteriors.ch\/fr\/wp-json\/wp\/v2\/pages"}],"about":[{"href":"https:\/\/bbinteriors.ch\/fr\/wp-json\/wp\/v2\/types\/page"}],"author":[{"embeddable":true,"href":"https:\/\/bbinteriors.ch\/fr\/wp-json\/wp\/v2\/users\/2"}],"replies":[{"embeddable":true,"href":"https:\/\/bbinteriors.ch\/fr\/wp-json\/wp\/v2\/comments?post=1081"}],"version-history":[{"count":23,"href":"https:\/\/bbinteriors.ch\/fr\/wp-json\/wp\/v2\/pages\/1081\/revisions"}],"predecessor-version":[{"id":1131,"href":"https:\/\/bbinteriors.ch\/fr\/wp-json\/wp\/v2\/pages\/1081\/revisions\/1131"}],"up":[{"embeddable":true,"href":"https:\/\/bbinteriors.ch\/fr\/wp-json\/wp\/v2\/pages\/85"}],"wp:attachment":[{"href":"https:\/\/bbinteriors.ch\/fr\/wp-json\/wp\/v2\/media?parent=1081"}],"curies":[{"name":"wp","href":"https:\/\/api.w.org\/{rel}","templated":true}]}}